{"id":1532,"date":"2022-06-08T07:09:22","date_gmt":"2022-06-08T07:09:22","guid":{"rendered":"https:\/\/wordpresswinterswijk.nl\/entwasserung\/drainagematerialen\/"},"modified":"2023-01-17T14:12:31","modified_gmt":"2023-01-17T14:12:31","slug":"entwaesserungsmaterialien","status":"publish","type":"page","link":"https:\/\/huiskampbv.nl\/de\/entwasserung\/entwaesserungsmaterialien\/","title":{"rendered":"Entw\u00e4sserungsmaterialien"},"content":{"rendered":"<div class=\"wpb-content-wrapper\">[vc_row][vc_column][vc_empty_space height=&#8220;20px&#8220;][vc_custom_heading text=&#8220;Entw\u00e4sserungsmaterialien&#8220; font_container=&#8220;tag:h1|text_align:center|line_height:1.1&#8243; use_theme_fonts=&#8220;yes&#8220;][vc_column_text]\n<h3 style=\"text-align: center;\"><span style=\"color: #006636;\">Wir lassen uns auch von komplizierten Entw\u00e4sserungsaufgaben nicht abschrecken. Von 1 bis 10.000 Metern. Wir haben Erfahrung mit kleinen und gro\u00dfen Entw\u00e4sserungsprojekten. Als Spezialist f\u00fcr die Verlegung von Entw\u00e4sserungssystemen liefern wir auch das Material, f\u00fcr wenn Sie selbst anbauen m\u00f6chten. Das finden wir sehr praktisch. <\/span><\/h3>\n[\/vc_column_text][vc_column_text]<div class=\"templatera_shortcode\"><style type=\"text\/css\" data-type=\"vc_shortcodes-custom-css\">.vc_custom_1759139482084{padding-top: 20px !important;}<\/style><div class=\"vc_row wpb_row vc_row-fluid vc_custom_1759139482084 wpex-relative\"><div class=\"wpb_column vc_column_container vc_col-sm-12\"><div class=\"vc_column-inner\"><div class=\"wpb_wrapper\"><div class=\"vcex-module vcex-divider-dots wpex-mx-auto wpex-last-mr-0 wpex-text-center\"><span class=\"wpex-inline-block wpex-rounded-full wpex-mr-5\" style=\"background:#006b3b;height:7px;width:7px;\"><\/span><span class=\"wpex-inline-block wpex-rounded-full wpex-mr-5\" style=\"background:#006b3b;height:7px;width:7px;\"><\/span><span class=\"wpex-inline-block wpex-rounded-full wpex-mr-5\" style=\"background:#006b3b;height:7px;width:7px;\"><\/span><span class=\"wpex-inline-block wpex-rounded-full wpex-mr-5\" style=\"background:#006b3b;height:7px;width:7px;\"><\/span><span class=\"wpex-inline-block wpex-rounded-full wpex-mr-5\" style=\"background:#006b3b;height:7px;width:7px;\"><\/span><span class=\"wpex-inline-block wpex-rounded-full wpex-mr-5\" style=\"background:#006b3b;height:7px;width:7px;\"><\/span><span class=\"wpex-inline-block wpex-rounded-full wpex-mr-5\" style=\"background:#006b3b;height:7px;width:7px;\"><\/span><span class=\"wpex-inline-block wpex-rounded-full wpex-mr-5\" style=\"background:#006b3b;height:7px;width:7px;\"><\/span><span class=\"wpex-inline-block wpex-rounded-full wpex-mr-5\" style=\"background:#006b3b;height:7px;width:7px;\"><\/span><span class=\"wpex-inline-block wpex-rounded-full wpex-mr-5\" style=\"background:#006b3b;height:7px;width:7px;\"><\/span><span class=\"wpex-inline-block wpex-rounded-full wpex-mr-5\" style=\"background:#006b3b;height:7px;width:7px;\"><\/span><span class=\"wpex-inline-block wpex-rounded-full wpex-mr-5\" style=\"background:#006b3b;height:7px;width:7px;\"><\/span><span class=\"wpex-inline-block wpex-rounded-full wpex-mr-5\" style=\"background:#006b3b;height:7px;width:7px;\"><\/span><span class=\"wpex-inline-block wpex-rounded-full wpex-mr-5\" style=\"background:#006b3b;height:7px;width:7px;\"><\/span><span class=\"wpex-inline-block wpex-rounded-full wpex-mr-5\" style=\"background:#006b3b;height:7px;width:7px;\"><\/span><span class=\"wpex-inline-block wpex-rounded-full wpex-mr-5\" style=\"background:#006b3b;height:7px;width:7px;\"><\/span><span class=\"wpex-inline-block wpex-rounded-full wpex-mr-5\" style=\"background:#006b3b;height:7px;width:7px;\"><\/span><span class=\"wpex-inline-block wpex-rounded-full wpex-mr-5\" style=\"background:#006b3b;height:7px;width:7px;\"><\/span><span class=\"wpex-inline-block wpex-rounded-full wpex-mr-5\" style=\"background:#006b3b;height:7px;width:7px;\"><\/span><span class=\"wpex-inline-block wpex-rounded-full wpex-mr-5\" style=\"background:#006b3b;height:7px;width:7px;\"><\/span><span class=\"wpex-inline-block wpex-rounded-full wpex-mr-5\" style=\"background:#006b3b;height:7px;width:7px;\"><\/span><span class=\"wpex-inline-block wpex-rounded-full wpex-mr-5\" style=\"background:#006b3b;height:7px;width:7px;\"><\/span><span class=\"wpex-inline-block wpex-rounded-full wpex-mr-5\" style=\"background:#006b3b;height:7px;width:7px;\"><\/span><span class=\"wpex-inline-block wpex-rounded-full wpex-mr-5\" style=\"background:#006b3b;height:7px;width:7px;\"><\/span><span class=\"wpex-inline-block wpex-rounded-full wpex-mr-5\" style=\"background:#006b3b;height:7px;width:7px;\"><\/span><span class=\"wpex-inline-block wpex-rounded-full wpex-mr-5\" style=\"background:#006b3b;height:7px;width:7px;\"><\/span><span class=\"wpex-inline-block wpex-rounded-full wpex-mr-5\" style=\"background:#006b3b;height:7px;width:7px;\"><\/span><span class=\"wpex-inline-block wpex-rounded-full wpex-mr-5\" style=\"background:#006b3b;height:7px;width:7px;\"><\/span><span class=\"wpex-inline-block wpex-rounded-full wpex-mr-5\" style=\"background:#006b3b;height:7px;width:7px;\"><\/span><span class=\"wpex-inline-block wpex-rounded-full wpex-mr-5\" style=\"background:#006b3b;height:7px;width:7px;\"><\/span><\/div><\/div><\/div><\/div><\/div><\/div>[\/vc_column_text][\/vc_column][\/vc_row][vc_row][vc_column width=&#8220;1\/2&#8243;][vc_custom_heading text=&#8220;Entw\u00e4sserungsmaterialien auf Lager&#8220; font_container=&#8220;tag:h4|text_align:left|color:%23e20613&#8243; use_theme_fonts=&#8220;yes&#8220;][vc_empty_space height=&#8220;20px&#8220;][vc_column_text]Wir haben verschiedene Entw\u00e4sserungsmaterialien auf Lager. Dazu geh\u00f6ren Entw\u00e4sserungsrohre, T-St\u00fccke, Reduzierst\u00fccke, Endrohre, Rohrummantelungen, Kies, Sand, PVC-Rohre und -Formteile sowie Geotextilien. Wir verkaufen sie auch h\u00e4ufig an G\u00e4rtner, Bauunternehmen, landwirtschaftliche Unternehmen und Privatpersonen.<\/p>\n<p>Selbstverst\u00e4ndlich \u00fcbernehmen wir auch gerne die Installation. Fragen Sie unsere Mitarbeiter nach den M\u00f6glichkeiten. <a href=\"https:\/\/huiskampbv.nl\/de\/kontakt\/\" target=\"_blank\" rel=\"noopener\">Fragen Sie nach einem unverbindlichen Angebot.<\/a>[\/vc_column_text][\/vc_column][vc_column width=&#8220;1\/2&#8243;][vc_custom_heading text=&#8220;Deshalb entscheiden Sie sich f\u00fcr Huiskamp:&#8220; font_container=&#8220;tag:h4|text_align:left|color:%23e20613&#8243; use_theme_fonts=&#8220;yes&#8220;][vc_empty_space height=&#8220;20px&#8220;][vc_column_text]\n<ul>\n<li>Entw\u00e4sserungsmaterialien aus unserem eigenen Lagerbestand<\/li>\n<li>G\u00fcnstige Preise<\/li>\n<li>Schnelle Lieferung<\/li>\n<li>Einbau<\/li>\n<\/ul>\n[\/vc_column_text][\/vc_column][\/vc_row][vc_row][vc_column width=&#8220;1\/4&#8243;][vc_single_image image=&#8220;1358&#8243;][\/vc_column][vc_column width=&#8220;1\/4&#8243;][vc_single_image image=&#8220;1356&#8243;][\/vc_column][vc_column width=&#8220;1\/4&#8243;][vc_single_image image=&#8220;1355&#8243;][\/vc_column][vc_column width=&#8220;1\/4&#8243;][vc_single_image image=&#8220;1357&#8243;][\/vc_column][\/vc_row][vc_row][vc_column][vc_column_text]<div class=\"templatera_shortcode\"><style type=\"text\/css\" data-type=\"vc_shortcodes-custom-css\">.vc_custom_1655989399562{background-position: 0 0 !important;background-repeat: no-repeat !important;}.vc_custom_1655993571478{margin-left: 4px !important;background-image: url(https:\/\/huiskampbv.nl\/wp-content\/uploads\/2022\/06\/Seperator-6x-v3.png?id=654) !important;background-position: 0 0 !important;background-repeat: repeat !important;}<\/style><div class=\"vc_row wpb_row vc_row-fluid vc_custom_1655989399562 vc_row-o-content-bottom vc_row-flex wpex-relative wpex-vc_row-has-fill no-bottom-margins wpex-vc-reset-negative-margin\" style=\"background-position:background-position: center!important;\"><div class=\"wpb_column vc_column_container vc_col-sm-3\"><div class=\"vc_column-inner\"><div class=\"wpb_wrapper\"><div class=\"vcex-spacing wpex-w-100 wpex-clear\" style=\"height:20px;\"><\/div><\/div><\/div><\/div><div class=\"wpb_column vc_column_container vc_col-sm-6 wpex-vc_col-has-fill\"><div style=\"background-size:background-position: center;!important;\" class=\"vc_column-inner vc_custom_1655993571478\"><div class=\"wpb_wrapper\">\n\t<div  class=\"wpb_single_image wpb_content_element vc_align_center wpb_content_element\">\n\t\t\n\t\t<figure class=\"wpb_wrapper vc_figure\">\n\t\t\t<div class=\"vc_single_image-wrapper   vc_box_border_grey\"><img class=\"vc_single_image-img \" src=\"https:\/\/huiskampbv.nl\/wp-content\/uploads\/2021\/11\/Huiskamp-square-70x70.png\" width=\"70\" height=\"70\" alt=\"Huiskamp Winterswijk square\" title=\"Huiskamp Winterswijk square\" loading=\"lazy\" \/><\/div>\n\t\t<\/figure>\n\t<\/div>\n<\/div><\/div><\/div><div class=\"wpb_column vc_column_container vc_col-sm-3\"><div class=\"vc_column-inner\"><div class=\"wpb_wrapper\"><div class=\"vcex-spacing wpex-w-100 wpex-clear\" style=\"height:20px;\"><\/div><\/div><\/div><\/div><\/div><\/div>[\/vc_column_text][\/vc_column][\/vc_row][vc_row disable_element=&#8220;yes&#8220;][vc_column][vc_custom_heading text=&#8220;Huiskamp: Alles op orde&#8220; font_container=&#8220;tag:h2|text_align:center&#8220; use_theme_fonts=&#8220;yes&#8220;][vc_empty_space height=&#8220;20px&#8220;][vc_column_text]\n<p style=\"text-align: center;\"><strong><span style=\"color: #006636;\">Bij Huiskamp is alles op orde: de mensen, de machines \u00e9n de papieren. Zo zijn wij <a href=\"https:\/\/www.gmpplus.org\/nl\" target=\"_blank\" rel=\"noopener\">GMP+-gecertificeerd<\/a> en lid van <a href=\"https:\/\/securefeed.eu\/nl\" target=\"_blank\" rel=\"noopener\">Securefeed<\/a>. Dit zijn kwaliteitsborgingssystemen die door de diervoedersector worden gebruikt, zodat de hele keten zorgdraagt voor veilige diervoeders. Als loonbedrijf maken we onderdeel uit van deze keten. Wij geven graag onze kennis door en geloven dat de jeugd de toekomst heeft. Daarom hebben wij vaak stagiairs. Dus zoek je nog een stageadres? Meld je bij ons: Huiskamp is een erkend leerbedrijf.<\/span><\/strong><\/p>\n[\/vc_column_text][vc_empty_space height=&#8220;20px&#8220;][vc_column_text]<div class=\"templatera_shortcode\"><div class=\"vc_row wpb_row vc_row-fluid wpex-relative\"><div class=\"wpb_column vc_column_container vc_col-sm-1\/5\"><div class=\"vc_column-inner\"><div class=\"wpb_wrapper\"><div class=\"vcex-spacing wpex-w-100 wpex-clear\" style=\"height:20px;\"><\/div><\/div><\/div><\/div><div class=\"wpb_column vc_column_container vc_col-sm-1\/5\"><div class=\"vc_column-inner\"><div class=\"wpb_wrapper\">\n\t<div  class=\"wpb_single_image wpb_content_element vc_align_ wpb_content_element\">\n\t\t\n\t\t<figure class=\"wpb_wrapper vc_figure\">\n\t\t\t<div class=\"vc_single_image-wrapper   vc_box_border_grey\"><img width=\"220\" height=\"85\" src=\"https:\/\/huiskampbv.nl\/wp-content\/uploads\/2022\/06\/GMPlogo-220x85-1.jpg\" class=\"vc_single_image-img attachment-full\" alt=\"GMP+ logo Huiskamp BV\" title=\"\"><\/div>\n\t\t<\/figure>\n\t<\/div>\n<\/div><\/div><\/div><div class=\"wpb_column vc_column_container vc_col-sm-1\/5\"><div class=\"vc_column-inner\"><div class=\"wpb_wrapper\">\n\t<div  class=\"wpb_single_image wpb_content_element vc_align_ wpb_content_element\">\n\t\t\n\t\t<figure class=\"wpb_wrapper vc_figure\">\n\t\t\t<div class=\"vc_single_image-wrapper   vc_box_border_grey\"><img width=\"220\" height=\"85\" src=\"https:\/\/huiskampbv.nl\/wp-content\/uploads\/2022\/06\/securefeed_logo-220x85-1.jpg\" class=\"vc_single_image-img attachment-full\" alt=\"\" title=\"\"><\/div>\n\t\t<\/figure>\n\t<\/div>\n<\/div><\/div><\/div><div class=\"wpb_column vc_column_container vc_col-sm-1\/5\"><div class=\"vc_column-inner\"><div class=\"wpb_wrapper\">\n\t<div  class=\"wpb_single_image wpb_content_element vc_align_ wpb_content_element\">\n\t\t\n\t\t<figure class=\"wpb_wrapper vc_figure\">\n\t\t\t<div class=\"vc_single_image-wrapper   vc_box_border_grey\"><img width=\"220\" height=\"85\" src=\"https:\/\/huiskampbv.nl\/wp-content\/uploads\/2022\/06\/sbb-erkend-leerbedrijf-220x85-1.jpg\" class=\"vc_single_image-img attachment-full\" alt=\"SBB erkend leerbedrijf Huiskamp BV\" title=\"\"><\/div>\n\t\t<\/figure>\n\t<\/div>\n<\/div><\/div><\/div><div class=\"wpb_column vc_column_container vc_col-sm-1\/5\"><div class=\"vc_column-inner\"><div class=\"wpb_wrapper\"><div class=\"vcex-spacing wpex-w-100 wpex-clear\" style=\"height:20px;\"><\/div><\/div><\/div><\/div><\/div><\/div>[\/vc_column_text][\/vc_column][\/vc_row][vc_row full_width=&#8220;stretch_row&#8220; disable_element=&#8220;yes&#8220; css=&#8220;.vc_custom_1654677811642{background-image: url(https:\/\/huiskampbv.nl\/wp-content\/uploads\/2022\/02\/johndeere.jpg?id=147) !important;}&#8220;][vc_column][vc_empty_space height=&#8220;500px&#8220;][\/vc_column][\/vc_row][vc_row full_width=&#8220;stretch_row_content_no_spaces&#8220; disable_element=&#8220;yes&#8220;][vc_column][vc_gmaps link=&#8220;#E-8_JTNDaWZyYW1lJTIwc3JjJTNEJTIyaHR0cHMlM0ElMkYlMkZ3d3cuZ29vZ2xlLmNvbSUyRm1hcHMlMkZlbWJlZCUzRnBiJTNEJTIxMW0xOCUyMTFtMTIlMjExbTMlMjExZDk4MjYuNzYxODM2NjQwNDE5JTIxMmQ2LjczNDc3NDgwNDY1MDc4MSUyMTNkNTEuOTk0Mjk1Mjc5NjE4NiUyMTJtMyUyMTFmMCUyMTJmMCUyMTNmMCUyMTNtMiUyMTFpMTAyNCUyMTJpNzY4JTIxNGYxMy4xJTIxM20zJTIxMW0yJTIxMXMweDQ3Yjg2NTVlYjdjZTAwYzMlMjUzQTB4NDUyYWNiODVjZDY1YzU1MSUyMTJzTG9vbi0lMjUyMGVuJTI1MjBHcm9uZHZlcnpldGJlZHJpamYlMjUyMEh1aXNrYW1wJTI1MjBCLlYuJTI1MjBXaW50ZXJzd2lqayUyMTVlMCUyMTNtMiUyMTFzbmwlMjEyc25sJTIxNHYxNjQ0NDAzMzE3MjI1JTIxNW0yJTIxMXNubCUyMTJzbmwlMjIlMjB3aWR0aCUzRCUyMjYwMCUyMiUyMGhlaWdodCUzRCUyMjQ1MCUyMiUyMHN0eWxlJTNEJTIyYm9yZGVyJTNBMCUzQiUyMiUyMGFsbG93ZnVsbHNjcmVlbiUzRCUyMiUyMiUyMGxvYWRpbmclM0QlMjJsYXp5JTIyJTNFJTNDJTJGaWZyYW1lJTNF&#8220;][\/vc_column][\/vc_row][vc_row remove_bottom_col_margin=&#8220;true&#8220;][vc_column][vc_column_text]<div class=\"templatera_shortcode\"><style type=\"text\/css\" data-type=\"vc_shortcodes-custom-css\">.vc_custom_1655211102583{background-image: url(https:\/\/huiskampbv.nl\/wp-content\/uploads\/2022\/02\/achtergrond_huiskamp.jpg?id=92) !important;}.vc_custom_1674040757679{border-top-width: 1px !important;border-right-width: 1px !important;border-bottom-width: 1px !important;border-left-width: 1px !important;padding-bottom: 25px !important;border-left-color: #ffffff !important;border-left-style: solid !important;border-right-color: #ffffff !important;border-right-style: solid !important;border-top-color: #ffffff !important;border-top-style: solid !important;border-bottom-color: #ffffff !important;border-bottom-style: solid !important;}<\/style><div class=\"vc_row wpb_row vc_row-fluid vc_custom_1655211102583 wpex-vc-full-width-row wpex-vc-full-width-row--centered wpex-relative wpex-vc_row-has-fill no-bottom-margins wpex-vc-reset-negative-margin\"><div class=\"wpb_column vc_column_container vc_col-sm-1\/5\"><div class=\"vc_column-inner\"><div class=\"wpb_wrapper\"><\/div><\/div><\/div><div class=\"wpb_column vc_column_container vc_col-sm-3\/5\"><div class=\"vc_column-inner\"><div class=\"wpb_wrapper\"><div class=\"vc_empty_space\"   style=\"height: 35px\"><span class=\"vc_empty_space_inner\"><\/span><\/div>\n\t<div style=\"color:#ffffff;\" class=\"wpb_text_column has-custom-color wpex-child-inherit-color wpb_content_element vc_custom_1674040757679\" >\n\t\t<div class=\"wpb_wrapper\">\n\t\t\t<h4 style=\"text-align: center;\"><span style=\"font-size: 24px;\">Haben Sie Fragen, W\u00fcnsche<br \/>\noder brauchen Sie eine Beratung?<\/span><br \/>\n<span style=\"font-size: 24px;\"><a href=\"mailto:info@huiskampbv.nl\" target=\"_blank\" rel=\"noopener\">info@huiskampbv.nl<\/a><br \/>\nT <a href=\"tel: +31543514863\">+31(0)543-514863<\/a><\/span><span style=\"color: #000000;\"><br \/>\n<\/span><\/h4>\n\n\t\t<\/div>\n\t<\/div>\n<div class=\"vc_empty_space\"   style=\"height: 35px\"><span class=\"vc_empty_space_inner\"><\/span><\/div><\/div><\/div><\/div><div class=\"wpb_column vc_column_container vc_col-sm-1\/5\"><div class=\"vc_column-inner\"><div class=\"wpb_wrapper\"><\/div><\/div><\/div><\/div><\/div>[\/vc_column_text][\/vc_column][\/vc_row]\n<\/div>","protected":false},"excerpt":{"rendered":"Entw\u00e4sserungsmaterialien Wir lassen uns auch von komplizierten Entw\u00e4sserungsaufgaben nicht abschrecken. Von 1 bis 10.000 Metern. Wir haben Erfahrung mit kleinen und gro\u00dfen Entw\u00e4sserungsprojekten. Als Spezialist f\u00fcr die Verlegung von Entw\u00e4sserungssystemen liefern wir auch das Material, f\u00fcr wenn Sie selbst anbauen m\u00f6chten. Das finden wir sehr praktisch. Entw\u00e4sserungsmaterialien auf Lager Wir haben verschiedene Entw\u00e4sserungsmaterialien auf Lager.&hellip;","protected":false},"author":4,"featured_media":0,"parent":1501,"menu_order":0,"comment_status":"closed","ping_status":"closed","template":"","meta":{"footnotes":""},"class_list":["post-1532","page","type-page","status-publish","hentry","entry","no-media"],"_links":{"self":[{"href":"https:\/\/huiskampbv.nl\/de\/wp-json\/wp\/v2\/pages\/1532","targetHints":{"allow":["GET"]}}],"collection":[{"href":"https:\/\/huiskampbv.nl\/de\/wp-json\/wp\/v2\/pages"}],"about":[{"href":"https:\/\/huiskampbv.nl\/de\/wp-json\/wp\/v2\/types\/page"}],"author":[{"embeddable":true,"href":"https:\/\/huiskampbv.nl\/de\/wp-json\/wp\/v2\/users\/4"}],"replies":[{"embeddable":true,"href":"https:\/\/huiskampbv.nl\/de\/wp-json\/wp\/v2\/comments?post=1532"}],"version-history":[{"count":0,"href":"https:\/\/huiskampbv.nl\/de\/wp-json\/wp\/v2\/pages\/1532\/revisions"}],"up":[{"embeddable":true,"href":"https:\/\/huiskampbv.nl\/de\/wp-json\/wp\/v2\/pages\/1501"}],"wp:attachment":[{"href":"https:\/\/huiskampbv.nl\/de\/wp-json\/wp\/v2\/media?parent=1532"}],"curies":[{"name":"wp","href":"https:\/\/api.w.org\/{rel}","templated":true}]}}