{"id":1527,"date":"2022-06-08T07:03:57","date_gmt":"2022-06-08T07:03:57","guid":{"rendered":"https:\/\/wordpresswinterswijk.nl\/entwasserung\/drainage-reinigen\/"},"modified":"2023-01-17T14:09:44","modified_gmt":"2023-01-17T14:09:44","slug":"reinigung-der-entwaesserung","status":"publish","type":"page","link":"https:\/\/huiskampbv.nl\/de\/entwasserung\/reinigung-der-entwaesserung\/","title":{"rendered":"Reinigung der Entw\u00e4sserung"},"content":{"rendered":"<div class=\"wpb-content-wrapper\">[vc_row][vc_column][vc_empty_space height=&#8220;20px&#8220;][vc_custom_heading text=&#8220;Reinigung der Entw\u00e4sserung&#8220; font_container=&#8220;tag:h1|text_align:center|color:%23e20613|line_height:1.1&#8243; use_theme_fonts=&#8220;yes&#8220;][vc_column_text]\n<h3 style=\"text-align: center;\"><span style=\"color: #006636;\">Eine ordnungsgem\u00e4\u00df funktionierende Entw\u00e4sserung tr\u00e4gt zu einer optimalen Bodenstruktur bei. Eine regelm\u00e4\u00dfige Wartung der Entw\u00e4sserung ist sehr wichtig, damit das Abwassersystem weiterhin ordnungsgem\u00e4\u00df funktioniert. Dadurch wird die Bodenstruktur gef\u00f6rdert, so dass Arbeiten wie S\u00e4en und Ernten optimal ablaufen. Und mit einer guten Bodenstruktur wachsen die Pflanzen besser.<br \/>\n<\/span><\/h3>\n[\/vc_column_text][vc_column_text]<div class=\"templatera_shortcode\"><style type=\"text\/css\" data-type=\"vc_shortcodes-custom-css\">.vc_custom_1759139482084{padding-top: 20px !important;}<\/style><div class=\"vc_row wpb_row vc_row-fluid vc_custom_1759139482084 wpex-relative\"><div class=\"wpb_column vc_column_container vc_col-sm-12\"><div class=\"vc_column-inner\"><div class=\"wpb_wrapper\"><div class=\"vcex-module vcex-divider-dots wpex-mx-auto wpex-last-mr-0 wpex-text-center\"><span class=\"wpex-inline-block wpex-rounded-full wpex-mr-5\" style=\"background:#006b3b;height:7px;width:7px;\"><\/span><span class=\"wpex-inline-block wpex-rounded-full wpex-mr-5\" style=\"background:#006b3b;height:7px;width:7px;\"><\/span><span class=\"wpex-inline-block wpex-rounded-full wpex-mr-5\" style=\"background:#006b3b;height:7px;width:7px;\"><\/span><span class=\"wpex-inline-block wpex-rounded-full wpex-mr-5\" style=\"background:#006b3b;height:7px;width:7px;\"><\/span><span class=\"wpex-inline-block wpex-rounded-full wpex-mr-5\" style=\"background:#006b3b;height:7px;width:7px;\"><\/span><span class=\"wpex-inline-block wpex-rounded-full wpex-mr-5\" style=\"background:#006b3b;height:7px;width:7px;\"><\/span><span class=\"wpex-inline-block wpex-rounded-full wpex-mr-5\" style=\"background:#006b3b;height:7px;width:7px;\"><\/span><span class=\"wpex-inline-block wpex-rounded-full wpex-mr-5\" style=\"background:#006b3b;height:7px;width:7px;\"><\/span><span class=\"wpex-inline-block wpex-rounded-full wpex-mr-5\" style=\"background:#006b3b;height:7px;width:7px;\"><\/span><span class=\"wpex-inline-block wpex-rounded-full wpex-mr-5\" style=\"background:#006b3b;height:7px;width:7px;\"><\/span><span class=\"wpex-inline-block wpex-rounded-full wpex-mr-5\" style=\"background:#006b3b;height:7px;width:7px;\"><\/span><span class=\"wpex-inline-block wpex-rounded-full wpex-mr-5\" style=\"background:#006b3b;height:7px;width:7px;\"><\/span><span class=\"wpex-inline-block wpex-rounded-full wpex-mr-5\" style=\"background:#006b3b;height:7px;width:7px;\"><\/span><span class=\"wpex-inline-block wpex-rounded-full wpex-mr-5\" style=\"background:#006b3b;height:7px;width:7px;\"><\/span><span class=\"wpex-inline-block wpex-rounded-full wpex-mr-5\" style=\"background:#006b3b;height:7px;width:7px;\"><\/span><span class=\"wpex-inline-block wpex-rounded-full wpex-mr-5\" style=\"background:#006b3b;height:7px;width:7px;\"><\/span><span class=\"wpex-inline-block wpex-rounded-full wpex-mr-5\" style=\"background:#006b3b;height:7px;width:7px;\"><\/span><span class=\"wpex-inline-block wpex-rounded-full wpex-mr-5\" style=\"background:#006b3b;height:7px;width:7px;\"><\/span><span class=\"wpex-inline-block wpex-rounded-full wpex-mr-5\" style=\"background:#006b3b;height:7px;width:7px;\"><\/span><span class=\"wpex-inline-block wpex-rounded-full wpex-mr-5\" style=\"background:#006b3b;height:7px;width:7px;\"><\/span><span class=\"wpex-inline-block wpex-rounded-full wpex-mr-5\" style=\"background:#006b3b;height:7px;width:7px;\"><\/span><span class=\"wpex-inline-block wpex-rounded-full wpex-mr-5\" style=\"background:#006b3b;height:7px;width:7px;\"><\/span><span class=\"wpex-inline-block wpex-rounded-full wpex-mr-5\" style=\"background:#006b3b;height:7px;width:7px;\"><\/span><span class=\"wpex-inline-block wpex-rounded-full wpex-mr-5\" style=\"background:#006b3b;height:7px;width:7px;\"><\/span><span class=\"wpex-inline-block wpex-rounded-full wpex-mr-5\" style=\"background:#006b3b;height:7px;width:7px;\"><\/span><span class=\"wpex-inline-block wpex-rounded-full wpex-mr-5\" style=\"background:#006b3b;height:7px;width:7px;\"><\/span><span class=\"wpex-inline-block wpex-rounded-full wpex-mr-5\" style=\"background:#006b3b;height:7px;width:7px;\"><\/span><span class=\"wpex-inline-block wpex-rounded-full wpex-mr-5\" style=\"background:#006b3b;height:7px;width:7px;\"><\/span><span class=\"wpex-inline-block wpex-rounded-full wpex-mr-5\" style=\"background:#006b3b;height:7px;width:7px;\"><\/span><span class=\"wpex-inline-block wpex-rounded-full wpex-mr-5\" style=\"background:#006b3b;height:7px;width:7px;\"><\/span><\/div><\/div><\/div><\/div><\/div><\/div>[\/vc_column_text][\/vc_column][\/vc_row][vc_row][vc_column width=&#8220;1\/2&#8243;][vc_custom_heading text=&#8220;Wann Reinigen?&#8220; font_container=&#8220;tag:h4|text_align:left|color:%23e20613&#8243; use_theme_fonts=&#8220;yes&#8220;][vc_empty_space height=&#8220;20px&#8220;][vc_column_text]Die beste Zeit f\u00fcr die Reinigung von Entw\u00e4sserungsleitungen ist der Herbst, der Winter und das zeitige Fr\u00fchjahr. Aber das ganze Jahr \u00fcber, wenn starke Regenf\u00e4lle dazu f\u00fchren, dass das Wasser nicht mehr richtig abflie\u00dft, m\u00fcssen die Abfl\u00fcsse gereinigt werden.[\/vc_column_text][vc_empty_space height=&#8220;20px&#8220;][\/vc_column][vc_column width=&#8220;1\/2&#8243;][vc_custom_heading text=&#8220;Regul\u00e4re Wartung&#8220; font_container=&#8220;tag:h4|text_align:left|color:%23e20613&#8243; use_theme_fonts=&#8220;yes&#8220;][vc_empty_space height=&#8220;20px&#8220;][vc_column_text]Die regul\u00e4re Wartung von Abwassersystemen besteht darin, die Abflussrohre regelm\u00e4\u00dfig zu sp\u00fclen. Wichtig ist dabei der richtige Wasserdruck an der D\u00fcse. Wir tun dies nicht nur f\u00fcr die Landwirtschaft, sondern auch f\u00fcr Unternehmen im Wohnungs- und Nichtwohnungsbau sowie im Tiefbau. <a href=\"https:\/\/huiskampbv.nl\/de\/kontakt\/\">Fragen Sie unsere Mitarbeiter nach den M\u00f6glichkeiten.<\/a>[\/vc_column_text][vc_empty_space height=&#8220;20px&#8220;][\/vc_column][\/vc_row][vc_row][vc_column width=&#8220;1\/4&#8243;][vc_single_image image=&#8220;1383&#8243;][\/vc_column][vc_column width=&#8220;1\/4&#8243;][vc_single_image image=&#8220;1364&#8243;][\/vc_column][vc_column width=&#8220;1\/4&#8243;][vc_single_image image=&#8220;1363&#8243;][\/vc_column][vc_column width=&#8220;1\/4&#8243;][vc_single_image image=&#8220;1384&#8243;][\/vc_column][\/vc_row][vc_row][vc_column][vc_column_text]<div class=\"templatera_shortcode\"><style type=\"text\/css\" data-type=\"vc_shortcodes-custom-css\">.vc_custom_1655989399562{background-position: 0 0 !important;background-repeat: no-repeat !important;}.vc_custom_1655993571478{margin-left: 4px !important;background-image: url(https:\/\/huiskampbv.nl\/wp-content\/uploads\/2022\/06\/Seperator-6x-v3.png?id=654) !important;background-position: 0 0 !important;background-repeat: repeat !important;}<\/style><div class=\"vc_row wpb_row vc_row-fluid vc_custom_1655989399562 vc_row-o-content-bottom vc_row-flex wpex-relative wpex-vc_row-has-fill no-bottom-margins wpex-vc-reset-negative-margin\" style=\"background-position:background-position: center!important;\"><div class=\"wpb_column vc_column_container vc_col-sm-3\"><div class=\"vc_column-inner\"><div class=\"wpb_wrapper\"><div class=\"vcex-spacing wpex-w-100 wpex-clear\" style=\"height:20px;\"><\/div><\/div><\/div><\/div><div class=\"wpb_column vc_column_container vc_col-sm-6 wpex-vc_col-has-fill\"><div style=\"background-size:background-position: center;!important;\" class=\"vc_column-inner vc_custom_1655993571478\"><div class=\"wpb_wrapper\">\n\t<div  class=\"wpb_single_image wpb_content_element vc_align_center wpb_content_element\">\n\t\t\n\t\t<figure class=\"wpb_wrapper vc_figure\">\n\t\t\t<div class=\"vc_single_image-wrapper   vc_box_border_grey\"><img class=\"vc_single_image-img \" src=\"https:\/\/huiskampbv.nl\/wp-content\/uploads\/2021\/11\/Huiskamp-square-70x70.png\" width=\"70\" height=\"70\" alt=\"Huiskamp Winterswijk square\" title=\"Huiskamp Winterswijk square\" loading=\"lazy\" \/><\/div>\n\t\t<\/figure>\n\t<\/div>\n<\/div><\/div><\/div><div class=\"wpb_column vc_column_container vc_col-sm-3\"><div class=\"vc_column-inner\"><div class=\"wpb_wrapper\"><div class=\"vcex-spacing wpex-w-100 wpex-clear\" style=\"height:20px;\"><\/div><\/div><\/div><\/div><\/div><\/div>[\/vc_column_text][\/vc_column][\/vc_row][vc_row remove_bottom_col_margin=&#8220;true&#8220;][vc_column][vc_column_text]<div class=\"templatera_shortcode\"><style type=\"text\/css\" data-type=\"vc_shortcodes-custom-css\">.vc_custom_1655211102583{background-image: url(https:\/\/huiskampbv.nl\/wp-content\/uploads\/2022\/02\/achtergrond_huiskamp.jpg?id=92) !important;}.vc_custom_1674040757679{border-top-width: 1px !important;border-right-width: 1px !important;border-bottom-width: 1px !important;border-left-width: 1px !important;padding-bottom: 25px !important;border-left-color: #ffffff !important;border-left-style: solid !important;border-right-color: #ffffff !important;border-right-style: solid !important;border-top-color: #ffffff !important;border-top-style: solid !important;border-bottom-color: #ffffff !important;border-bottom-style: solid !important;}<\/style><div class=\"vc_row wpb_row vc_row-fluid vc_custom_1655211102583 wpex-vc-full-width-row wpex-vc-full-width-row--centered wpex-relative wpex-vc_row-has-fill no-bottom-margins wpex-vc-reset-negative-margin\"><div class=\"wpb_column vc_column_container vc_col-sm-1\/5\"><div class=\"vc_column-inner\"><div class=\"wpb_wrapper\"><\/div><\/div><\/div><div class=\"wpb_column vc_column_container vc_col-sm-3\/5\"><div class=\"vc_column-inner\"><div class=\"wpb_wrapper\"><div class=\"vc_empty_space\"   style=\"height: 35px\"><span class=\"vc_empty_space_inner\"><\/span><\/div>\n\t<div style=\"color:#ffffff;\" class=\"wpb_text_column has-custom-color wpex-child-inherit-color wpb_content_element vc_custom_1674040757679\" >\n\t\t<div class=\"wpb_wrapper\">\n\t\t\t<h4 style=\"text-align: center;\"><span style=\"font-size: 24px;\">Haben Sie Fragen, W\u00fcnsche<br \/>\noder brauchen Sie eine Beratung?<\/span><br \/>\n<span style=\"font-size: 24px;\"><a href=\"mailto:info@huiskampbv.nl\" target=\"_blank\" rel=\"noopener\">info@huiskampbv.nl<\/a><br \/>\nT <a href=\"tel: +31543514863\">+31(0)543-514863<\/a><\/span><span style=\"color: #000000;\"><br \/>\n<\/span><\/h4>\n\n\t\t<\/div>\n\t<\/div>\n<div class=\"vc_empty_space\"   style=\"height: 35px\"><span class=\"vc_empty_space_inner\"><\/span><\/div><\/div><\/div><\/div><div class=\"wpb_column vc_column_container vc_col-sm-1\/5\"><div class=\"vc_column-inner\"><div class=\"wpb_wrapper\"><\/div><\/div><\/div><\/div><\/div>[\/vc_column_text][\/vc_column][\/vc_row]\n<\/div>","protected":false},"excerpt":{"rendered":"Reinigung der Entw\u00e4sserung Eine ordnungsgem\u00e4\u00df funktionierende Entw\u00e4sserung tr\u00e4gt zu einer optimalen Bodenstruktur bei. Eine regelm\u00e4\u00dfige Wartung der Entw\u00e4sserung ist sehr wichtig, damit das Abwassersystem weiterhin ordnungsgem\u00e4\u00df funktioniert. Dadurch wird die Bodenstruktur gef\u00f6rdert, so dass Arbeiten wie S\u00e4en und Ernten optimal ablaufen. Und mit einer guten Bodenstruktur wachsen die Pflanzen besser. Wann Reinigen? Die beste Zeit&hellip;","protected":false},"author":4,"featured_media":0,"parent":1501,"menu_order":0,"comment_status":"closed","ping_status":"closed","template":"","meta":{"footnotes":""},"class_list":["post-1527","page","type-page","status-publish","hentry","entry","no-media"],"_links":{"self":[{"href":"https:\/\/huiskampbv.nl\/de\/wp-json\/wp\/v2\/pages\/1527","targetHints":{"allow":["GET"]}}],"collection":[{"href":"https:\/\/huiskampbv.nl\/de\/wp-json\/wp\/v2\/pages"}],"about":[{"href":"https:\/\/huiskampbv.nl\/de\/wp-json\/wp\/v2\/types\/page"}],"author":[{"embeddable":true,"href":"https:\/\/huiskampbv.nl\/de\/wp-json\/wp\/v2\/users\/4"}],"replies":[{"embeddable":true,"href":"https:\/\/huiskampbv.nl\/de\/wp-json\/wp\/v2\/comments?post=1527"}],"version-history":[{"count":0,"href":"https:\/\/huiskampbv.nl\/de\/wp-json\/wp\/v2\/pages\/1527\/revisions"}],"up":[{"embeddable":true,"href":"https:\/\/huiskampbv.nl\/de\/wp-json\/wp\/v2\/pages\/1501"}],"wp:attachment":[{"href":"https:\/\/huiskampbv.nl\/de\/wp-json\/wp\/v2\/media?parent=1527"}],"curies":[{"name":"wp","href":"https:\/\/api.w.org\/{rel}","templated":true}]}}