{"id":1501,"date":"2022-02-09T11:11:38","date_gmt":"2022-02-09T10:11:38","guid":{"rendered":"https:\/\/wordpresswinterswijk.nl\/drainage\/"},"modified":"2023-01-19T12:28:57","modified_gmt":"2023-01-19T11:28:57","slug":"entwasserung","status":"publish","type":"page","link":"https:\/\/huiskampbv.nl\/de\/entwasserung\/","title":{"rendered":"Entw\u00e4sserung"},"content":{"rendered":"<div class=\"wpb-content-wrapper\">[vc_row][vc_column][vc_empty_space height=&#8220;20px&#8220;][vc_custom_heading text=&#8220;Entw\u00e4sserung: eine gute Bodenstruktur und trockene F\u00fc\u00dfe&#8220; font_container=&#8220;tag:h1|text_align:center|line_height:1.1&#8243; use_theme_fonts=&#8220;yes&#8220;][vc_column_text]\n<h3 style=\"text-align: center;\"><span style=\"color: #006636;\"><strong>Mit unseren lasergesteuerten Maschinen f\u00fcr Entw\u00e4sserung verlegen wir seit mehr als 40 Jahren Entw\u00e4sserungsleitungen in Wiesen und Ackerland in den \u00f6stlichen Niederlanden und Westdeutschland. Aber wussten Sie, dass wir auch Entw\u00e4sserungsarbeiten f\u00fcr Privatpersonen durchf\u00fchren?<br \/>\n<\/strong><\/span><\/h3>\n[\/vc_column_text][vc_column_text]<div class=\"templatera_shortcode\"><style type=\"text\/css\" data-type=\"vc_shortcodes-custom-css\">.vc_custom_1759139482084{padding-top: 20px !important;}<\/style><div class=\"vc_row wpb_row vc_row-fluid vc_custom_1759139482084 wpex-relative\"><div class=\"wpb_column vc_column_container vc_col-sm-12\"><div class=\"vc_column-inner\"><div class=\"wpb_wrapper\"><div class=\"vcex-module vcex-divider-dots wpex-mx-auto wpex-last-mr-0 wpex-text-center\"><span class=\"wpex-inline-block wpex-rounded-full wpex-mr-5\" style=\"background:#006b3b;height:7px;width:7px;\"><\/span><span class=\"wpex-inline-block wpex-rounded-full wpex-mr-5\" style=\"background:#006b3b;height:7px;width:7px;\"><\/span><span class=\"wpex-inline-block wpex-rounded-full wpex-mr-5\" style=\"background:#006b3b;height:7px;width:7px;\"><\/span><span class=\"wpex-inline-block wpex-rounded-full wpex-mr-5\" style=\"background:#006b3b;height:7px;width:7px;\"><\/span><span class=\"wpex-inline-block wpex-rounded-full wpex-mr-5\" style=\"background:#006b3b;height:7px;width:7px;\"><\/span><span class=\"wpex-inline-block wpex-rounded-full wpex-mr-5\" style=\"background:#006b3b;height:7px;width:7px;\"><\/span><span class=\"wpex-inline-block wpex-rounded-full wpex-mr-5\" style=\"background:#006b3b;height:7px;width:7px;\"><\/span><span class=\"wpex-inline-block wpex-rounded-full wpex-mr-5\" style=\"background:#006b3b;height:7px;width:7px;\"><\/span><span class=\"wpex-inline-block wpex-rounded-full wpex-mr-5\" style=\"background:#006b3b;height:7px;width:7px;\"><\/span><span class=\"wpex-inline-block wpex-rounded-full wpex-mr-5\" style=\"background:#006b3b;height:7px;width:7px;\"><\/span><span class=\"wpex-inline-block wpex-rounded-full wpex-mr-5\" style=\"background:#006b3b;height:7px;width:7px;\"><\/span><span class=\"wpex-inline-block wpex-rounded-full wpex-mr-5\" style=\"background:#006b3b;height:7px;width:7px;\"><\/span><span class=\"wpex-inline-block wpex-rounded-full wpex-mr-5\" style=\"background:#006b3b;height:7px;width:7px;\"><\/span><span class=\"wpex-inline-block wpex-rounded-full wpex-mr-5\" style=\"background:#006b3b;height:7px;width:7px;\"><\/span><span class=\"wpex-inline-block wpex-rounded-full wpex-mr-5\" style=\"background:#006b3b;height:7px;width:7px;\"><\/span><span class=\"wpex-inline-block wpex-rounded-full wpex-mr-5\" style=\"background:#006b3b;height:7px;width:7px;\"><\/span><span class=\"wpex-inline-block wpex-rounded-full wpex-mr-5\" style=\"background:#006b3b;height:7px;width:7px;\"><\/span><span class=\"wpex-inline-block wpex-rounded-full wpex-mr-5\" style=\"background:#006b3b;height:7px;width:7px;\"><\/span><span class=\"wpex-inline-block wpex-rounded-full wpex-mr-5\" style=\"background:#006b3b;height:7px;width:7px;\"><\/span><span class=\"wpex-inline-block wpex-rounded-full wpex-mr-5\" style=\"background:#006b3b;height:7px;width:7px;\"><\/span><span class=\"wpex-inline-block wpex-rounded-full wpex-mr-5\" style=\"background:#006b3b;height:7px;width:7px;\"><\/span><span class=\"wpex-inline-block wpex-rounded-full wpex-mr-5\" style=\"background:#006b3b;height:7px;width:7px;\"><\/span><span class=\"wpex-inline-block wpex-rounded-full wpex-mr-5\" style=\"background:#006b3b;height:7px;width:7px;\"><\/span><span class=\"wpex-inline-block wpex-rounded-full wpex-mr-5\" style=\"background:#006b3b;height:7px;width:7px;\"><\/span><span class=\"wpex-inline-block wpex-rounded-full wpex-mr-5\" style=\"background:#006b3b;height:7px;width:7px;\"><\/span><span class=\"wpex-inline-block wpex-rounded-full wpex-mr-5\" style=\"background:#006b3b;height:7px;width:7px;\"><\/span><span class=\"wpex-inline-block wpex-rounded-full wpex-mr-5\" style=\"background:#006b3b;height:7px;width:7px;\"><\/span><span class=\"wpex-inline-block wpex-rounded-full wpex-mr-5\" style=\"background:#006b3b;height:7px;width:7px;\"><\/span><span class=\"wpex-inline-block wpex-rounded-full wpex-mr-5\" style=\"background:#006b3b;height:7px;width:7px;\"><\/span><span class=\"wpex-inline-block wpex-rounded-full wpex-mr-5\" style=\"background:#006b3b;height:7px;width:7px;\"><\/span><\/div><\/div><\/div><\/div><\/div><\/div>[\/vc_column_text][\/vc_column][\/vc_row][vc_row][vc_column width=&#8220;1\/4&#8243;][vc_single_image image=&#8220;1280&#8243; onclick=&#8220;custom_link&#8220; link=&#8220;https:\/\/huiskampbv.nl\/de\/entwasserung\/landwirtschaftliche-entwaesserung\/&#8220;][vc_empty_space height=&#8220;20px&#8220;][vc_custom_heading text=&#8220;Landwirtschaftliche Entw\u00e4sserung&#8220; font_container=&#8220;tag:h4|text_align:left|color:%23e20613&#8243; use_theme_fonts=&#8220;yes&#8220;][vc_empty_space height=&#8220;20px&#8220;][vc_column_text]Eine gute Entw\u00e4sserung ist wichtig. Durch die Entw\u00e4sserung senken wir den Grundwasserspiegel. Oberfl\u00e4chenwasser wie Regen- oder Sickerwasser wird abgeleitet. Dadurch werden Gras- und Ackerfl\u00e4chen besser befahrbar und bewirtschaftbar. Die landwirtschaftliche Entw\u00e4sserung tr\u00e4gt auch zu einer besseren Bodenstruktur bei und sorgt f\u00fcr mehr Sauerstoff im Boden. So tr\u00e4gt die Entw\u00e4sserung zu einer guten Ernte bei.[\/vc_column_text][vc_empty_space height=&#8220;20px&#8220;]<style>.vcex-button.vcex_69e7adfac5ae6{background:#ffffff;color:#006636!important;}.vcex-button.vcex_69e7adfac5ae6:hover{background:#ffffff!important;}<\/style><a href=\"https:\/\/huiskampbv.nl\/de\/entwasserung\/landwirtschaftliche-entwaesserung\/\" class=\"vcex-button theme-txt-link green wpex-inline-block inline vcex_69e7adfac5ae6\"><span class=\"vcex-button-inner theme-button-inner wpex-flex wpex-flex-wrap wpex-items-center wpex-justify-center\">Weiterlesen &gt;&gt;<\/span><\/a> [\/vc_column][vc_column width=&#8220;1\/4&#8243;][vc_single_image image=&#8220;1363&#8243; onclick=&#8220;custom_link&#8220; link=&#8220;https:\/\/huiskampbv.nl\/de\/entwasserung\/reinigung-der-entwaesserung\/&#8220;][vc_empty_space height=&#8220;20px&#8220;][vc_custom_heading text=&#8220;Reinigung des Entw\u00e4sserungssystems&#8220; font_container=&#8220;tag:h4|text_align:left|color:%23e20613&#8243; use_theme_fonts=&#8220;yes&#8220;][vc_empty_space height=&#8220;20px&#8220;][vc_column_text]Es ist ratsam, die Entw\u00e4sserungsleitungen regelm\u00e4\u00dfig zu reinigen. So bleibt das Entw\u00e4sserungssystem optimal funktionsf\u00e4hig. Dadurch wird die Bodenstruktur verbessert, so dass Arbeiten wie S\u00e4en und Ernten optimal verlaufen. Und mit einer guten Bodenstruktur wachsen die Pflanzen besser. Wir f\u00fchren Entw\u00e4sserungssysteme im landwirtschaftlichen Bereich, aber auch in Haus und Garten aus.[\/vc_column_text][vc_empty_space height=&#8220;20px&#8220;]<style>.vcex-button.vcex_69e7adfac707d{background:#ffffff;color:#006636!important;}.vcex-button.vcex_69e7adfac707d:hover{background:#ffffff!important;}<\/style><a href=\"https:\/\/huiskampbv.nl\/de\/entwasserung\/reinigung-der-entwaesserung\/\" class=\"vcex-button theme-txt-link green wpex-inline-block inline vcex_69e7adfac707d\"><span class=\"vcex-button-inner theme-button-inner wpex-flex wpex-flex-wrap wpex-items-center wpex-justify-center\">Weiterlesen &gt;&gt;<\/span><\/a> [\/vc_column][vc_column width=&#8220;1\/4&#8243;][vc_single_image image=&#8220;1357&#8243; onclick=&#8220;custom_link&#8220; link=&#8220;https:\/\/huiskampbv.nl\/de\/entwasserung\/entwaesserungsmaterialien\/&#8220;][vc_empty_space height=&#8220;20px&#8220;][vc_custom_heading text=&#8220;Entw\u00e4sserungsmaterialien&#8220; font_container=&#8220;tag:h4|text_align:left|color:%23e20613&#8243; use_theme_fonts=&#8220;yes&#8220;][vc_empty_space height=&#8220;20px&#8220;][vc_column_text]Wir lassen uns auch von komplizierten Entw\u00e4sserungsaufgaben nicht abschrecken. Von 1 bis 10.000 Metern. Wir haben Erfahrung mit kleinen und gro\u00dfen Entw\u00e4sserungsprojekten. Als Spezialist f\u00fcr die Verlegung von Entw\u00e4sserungssystemen liefern wir auch das Material, f\u00fcr wenn Sie selbst anbauen m\u00f6chten. Das finden wir sehr praktisch.[\/vc_column_text][vc_empty_space height=&#8220;20px&#8220;]<style>.vcex-button.vcex_69e7adfac7f8f{background:#ffffff;color:#006636!important;}.vcex-button.vcex_69e7adfac7f8f:hover{background:#ffffff!important;}<\/style><a href=\"https:\/\/huiskampbv.nl\/de\/entwasserung\/entwaesserungsmaterialien\/\" class=\"vcex-button theme-txt-link green wpex-inline-block inline vcex_69e7adfac7f8f\"><span class=\"vcex-button-inner theme-button-inner wpex-flex wpex-flex-wrap wpex-items-center wpex-justify-center\">Weiterlesen &gt;&gt;<\/span><\/a> [\/vc_column][vc_column width=&#8220;1\/4&#8243;][vc_single_image image=&#8220;1360&#8243; onclick=&#8220;custom_link&#8220; link=&#8220;https:\/\/huiskampbv.nl\/de\/entwasserung\/entwaesserung-haus-und-garten\/&#8220;][vc_empty_space height=&#8220;20px&#8220;][vc_custom_heading text=&#8220;Entw\u00e4sserung Haus und Garten&#8220; font_container=&#8220;tag:h4|text_align:left|color:%23e20613&#8243; use_theme_fonts=&#8220;yes&#8220;][vc_empty_space height=&#8220;20px&#8220;][vc_column_text]Haben Sie Wasserprobleme in Ihrem Garten oder im Haus? Pf\u00fctzen auf dem Rasen oder undichte Stellen im Keller? Mit der Entw\u00e4sserung geh\u00f6ren \u00dcberschwemmungen in Garten, Keller und Kriechkeller bald der Vergangenheit an. Das Entw\u00e4sserungssystem leitet Regen- und Grundwasser ab, bevor es die Kellerw\u00e4nde oder den Kriechkeller erreicht. Die Installation eines Entw\u00e4sserungssystems ist ein pr\u00e4zises Arbeiten. Fragen Sie Huiskamp nach den M\u00f6glichkeiten.[\/vc_column_text][vc_empty_space height=&#8220;20px&#8220;]<style>.vcex-button.vcex_69e7adfac9123{background:#ffffff;color:#006636!important;}.vcex-button.vcex_69e7adfac9123:hover{background:#ffffff!important;}<\/style><a href=\"https:\/\/huiskampbv.nl\/de\/entwasserung\/entwaesserung-haus-und-garten\/\" class=\"vcex-button theme-txt-link green wpex-inline-block inline vcex_69e7adfac9123\"><span class=\"vcex-button-inner theme-button-inner wpex-flex wpex-flex-wrap wpex-items-center wpex-justify-center\">Weiterlesen &gt;&gt;<\/span><\/a> [\/vc_column][\/vc_row][vc_row][vc_column][vc_column_text]<div class=\"templatera_shortcode\"><style type=\"text\/css\" data-type=\"vc_shortcodes-custom-css\">.vc_custom_1655989399562{background-position: 0 0 !important;background-repeat: no-repeat !important;}.vc_custom_1655993571478{margin-left: 4px !important;background-image: url(https:\/\/huiskampbv.nl\/wp-content\/uploads\/2022\/06\/Seperator-6x-v3.png?id=654) !important;background-position: 0 0 !important;background-repeat: repeat !important;}<\/style><div class=\"vc_row wpb_row vc_row-fluid vc_custom_1655989399562 vc_row-o-content-bottom vc_row-flex wpex-relative wpex-vc_row-has-fill no-bottom-margins wpex-vc-reset-negative-margin\" style=\"background-position:background-position: center!important;\"><div class=\"wpb_column vc_column_container vc_col-sm-3\"><div class=\"vc_column-inner\"><div class=\"wpb_wrapper\"><div class=\"vcex-spacing wpex-w-100 wpex-clear\" style=\"height:20px;\"><\/div><\/div><\/div><\/div><div class=\"wpb_column vc_column_container vc_col-sm-6 wpex-vc_col-has-fill\"><div style=\"background-size:background-position: center;!important;\" class=\"vc_column-inner vc_custom_1655993571478\"><div class=\"wpb_wrapper\">\n\t<div  class=\"wpb_single_image wpb_content_element vc_align_center wpb_content_element\">\n\t\t\n\t\t<figure class=\"wpb_wrapper vc_figure\">\n\t\t\t<div class=\"vc_single_image-wrapper   vc_box_border_grey\"><img class=\"vc_single_image-img \" src=\"https:\/\/huiskampbv.nl\/wp-content\/uploads\/2021\/11\/Huiskamp-square-70x70.png\" width=\"70\" height=\"70\" alt=\"Huiskamp Winterswijk square\" title=\"Huiskamp Winterswijk square\" loading=\"lazy\" \/><\/div>\n\t\t<\/figure>\n\t<\/div>\n<\/div><\/div><\/div><div class=\"wpb_column vc_column_container vc_col-sm-3\"><div class=\"vc_column-inner\"><div class=\"wpb_wrapper\"><div class=\"vcex-spacing wpex-w-100 wpex-clear\" style=\"height:20px;\"><\/div><\/div><\/div><\/div><\/div><\/div>[\/vc_column_text][\/vc_column][\/vc_row][vc_row remove_bottom_col_margin=&#8220;true&#8220;][vc_column][vc_column_text]<div class=\"templatera_shortcode\"><style type=\"text\/css\" data-type=\"vc_shortcodes-custom-css\">.vc_custom_1655211102583{background-image: url(https:\/\/huiskampbv.nl\/wp-content\/uploads\/2022\/02\/achtergrond_huiskamp.jpg?id=92) !important;}.vc_custom_1674040757679{border-top-width: 1px !important;border-right-width: 1px !important;border-bottom-width: 1px !important;border-left-width: 1px !important;padding-bottom: 25px !important;border-left-color: #ffffff !important;border-left-style: solid !important;border-right-color: #ffffff !important;border-right-style: solid !important;border-top-color: #ffffff !important;border-top-style: solid !important;border-bottom-color: #ffffff !important;border-bottom-style: solid !important;}<\/style><div class=\"vc_row wpb_row vc_row-fluid vc_custom_1655211102583 wpex-vc-full-width-row wpex-vc-full-width-row--centered wpex-relative wpex-vc_row-has-fill no-bottom-margins wpex-vc-reset-negative-margin\"><div class=\"wpb_column vc_column_container vc_col-sm-1\/5\"><div class=\"vc_column-inner\"><div class=\"wpb_wrapper\"><\/div><\/div><\/div><div class=\"wpb_column vc_column_container vc_col-sm-3\/5\"><div class=\"vc_column-inner\"><div class=\"wpb_wrapper\"><div class=\"vc_empty_space\"   style=\"height: 35px\"><span class=\"vc_empty_space_inner\"><\/span><\/div>\n\t<div style=\"color:#ffffff;\" class=\"wpb_text_column has-custom-color wpex-child-inherit-color wpb_content_element vc_custom_1674040757679\" >\n\t\t<div class=\"wpb_wrapper\">\n\t\t\t<h4 style=\"text-align: center;\"><span style=\"font-size: 24px;\">Haben Sie Fragen, W\u00fcnsche<br \/>\noder brauchen Sie eine Beratung?<\/span><br \/>\n<span style=\"font-size: 24px;\"><a href=\"mailto:info@huiskampbv.nl\" target=\"_blank\" rel=\"noopener\">info@huiskampbv.nl<\/a><br \/>\nT <a href=\"tel: +31543514863\">+31(0)543-514863<\/a><\/span><span style=\"color: #000000;\"><br \/>\n<\/span><\/h4>\n\n\t\t<\/div>\n\t<\/div>\n<div class=\"vc_empty_space\"   style=\"height: 35px\"><span class=\"vc_empty_space_inner\"><\/span><\/div><\/div><\/div><\/div><div class=\"wpb_column vc_column_container vc_col-sm-1\/5\"><div class=\"vc_column-inner\"><div class=\"wpb_wrapper\"><\/div><\/div><\/div><\/div><\/div>[\/vc_column_text][\/vc_column][\/vc_row]\n<\/div>","protected":false},"excerpt":{"rendered":"Entw\u00e4sserung: eine gute Bodenstruktur und trockene F\u00fc\u00dfe Mit unseren lasergesteuerten Maschinen f\u00fcr Entw\u00e4sserung verlegen wir seit mehr als 40 Jahren Entw\u00e4sserungsleitungen in Wiesen und Ackerland in den \u00f6stlichen Niederlanden und Westdeutschland. Aber wussten Sie, dass wir auch Entw\u00e4sserungsarbeiten f\u00fcr Privatpersonen durchf\u00fchren? Landwirtschaftliche Entw\u00e4sserung Eine gute Entw\u00e4sserung ist wichtig. Durch die Entw\u00e4sserung senken wir den Grundwasserspiegel.&hellip;","protected":false},"author":4,"featured_media":0,"parent":0,"menu_order":0,"comment_status":"closed","ping_status":"closed","template":"","meta":{"footnotes":""},"class_list":["post-1501","page","type-page","status-publish","hentry","entry","no-media"],"_links":{"self":[{"href":"https:\/\/huiskampbv.nl\/de\/wp-json\/wp\/v2\/pages\/1501","targetHints":{"allow":["GET"]}}],"collection":[{"href":"https:\/\/huiskampbv.nl\/de\/wp-json\/wp\/v2\/pages"}],"about":[{"href":"https:\/\/huiskampbv.nl\/de\/wp-json\/wp\/v2\/types\/page"}],"author":[{"embeddable":true,"href":"https:\/\/huiskampbv.nl\/de\/wp-json\/wp\/v2\/users\/4"}],"replies":[{"embeddable":true,"href":"https:\/\/huiskampbv.nl\/de\/wp-json\/wp\/v2\/comments?post=1501"}],"version-history":[{"count":0,"href":"https:\/\/huiskampbv.nl\/de\/wp-json\/wp\/v2\/pages\/1501\/revisions"}],"wp:attachment":[{"href":"https:\/\/huiskampbv.nl\/de\/wp-json\/wp\/v2\/media?parent=1501"}],"curies":[{"name":"wp","href":"https:\/\/api.w.org\/{rel}","templated":true}]}}