{"id":1459,"date":"2022-06-08T07:00:32","date_gmt":"2022-06-08T07:00:32","guid":{"rendered":"https:\/\/wordpresswinterswijk.nl\/agrarische-drainage\/"},"modified":"2023-01-17T14:06:46","modified_gmt":"2023-01-17T14:06:46","slug":"landwirtschaftliche-entwaesserung","status":"publish","type":"page","link":"https:\/\/huiskampbv.nl\/de\/entwasserung\/landwirtschaftliche-entwaesserung\/","title":{"rendered":"Landwirtschaftliche Entw\u00e4sserung"},"content":{"rendered":"<div class=\"wpb-content-wrapper\">[vc_row][vc_column][vc_empty_space height=&#8220;20px&#8220;][vc_custom_heading text=&#8220;Kontrolle des Grundwassers durch landwirtschaftliche Entw\u00e4sserung.&#8220; font_container=&#8220;tag:h1|text_align:center|color:%23e20613|line_height:1.1&#8243; use_theme_fonts=&#8220;yes&#8220;][vc_column_text]\n<h3 style=\"text-align: center;\"><span style=\"color: #006636;\"><strong>Eine gute Entw\u00e4sserung ist wichtig. Durch die Entw\u00e4sserung senken wir den Grundwasserspiegel. Oberfl\u00e4chenwasser wie Regen- oder Sickerwasser wird abgeleitet. Dadurch werden Gras- und Ackerfl\u00e4chen besser befahrbar und bewirtschaftbar. Die landwirtschaftliche Entw\u00e4sserung tr\u00e4gt auch zu einer besseren Bodenstruktur bei und sorgt f\u00fcr mehr Sauerstoff im Boden. So tr\u00e4gt die Entw\u00e4sserung zu einer guten Ernte bei.<br \/>\n<\/strong><\/span><\/h3>\n[\/vc_column_text][vc_column_text]<div class=\"templatera_shortcode\"><style type=\"text\/css\" data-type=\"vc_shortcodes-custom-css\">.vc_custom_1759139482084{padding-top: 20px !important;}<\/style><div class=\"vc_row wpb_row vc_row-fluid vc_custom_1759139482084 wpex-relative\"><div class=\"wpb_column vc_column_container vc_col-sm-12\"><div class=\"vc_column-inner\"><div class=\"wpb_wrapper\"><div class=\"vcex-module vcex-divider-dots wpex-mx-auto wpex-last-mr-0 wpex-text-center\"><span class=\"wpex-inline-block wpex-rounded-full wpex-mr-5\" style=\"background:#006b3b;height:7px;width:7px;\"><\/span><span class=\"wpex-inline-block wpex-rounded-full wpex-mr-5\" style=\"background:#006b3b;height:7px;width:7px;\"><\/span><span class=\"wpex-inline-block wpex-rounded-full wpex-mr-5\" style=\"background:#006b3b;height:7px;width:7px;\"><\/span><span class=\"wpex-inline-block wpex-rounded-full wpex-mr-5\" style=\"background:#006b3b;height:7px;width:7px;\"><\/span><span class=\"wpex-inline-block wpex-rounded-full wpex-mr-5\" style=\"background:#006b3b;height:7px;width:7px;\"><\/span><span class=\"wpex-inline-block wpex-rounded-full wpex-mr-5\" style=\"background:#006b3b;height:7px;width:7px;\"><\/span><span class=\"wpex-inline-block wpex-rounded-full wpex-mr-5\" style=\"background:#006b3b;height:7px;width:7px;\"><\/span><span class=\"wpex-inline-block wpex-rounded-full wpex-mr-5\" style=\"background:#006b3b;height:7px;width:7px;\"><\/span><span class=\"wpex-inline-block wpex-rounded-full wpex-mr-5\" style=\"background:#006b3b;height:7px;width:7px;\"><\/span><span class=\"wpex-inline-block wpex-rounded-full wpex-mr-5\" style=\"background:#006b3b;height:7px;width:7px;\"><\/span><span class=\"wpex-inline-block wpex-rounded-full wpex-mr-5\" style=\"background:#006b3b;height:7px;width:7px;\"><\/span><span class=\"wpex-inline-block wpex-rounded-full wpex-mr-5\" style=\"background:#006b3b;height:7px;width:7px;\"><\/span><span class=\"wpex-inline-block wpex-rounded-full wpex-mr-5\" style=\"background:#006b3b;height:7px;width:7px;\"><\/span><span class=\"wpex-inline-block wpex-rounded-full wpex-mr-5\" style=\"background:#006b3b;height:7px;width:7px;\"><\/span><span class=\"wpex-inline-block wpex-rounded-full wpex-mr-5\" style=\"background:#006b3b;height:7px;width:7px;\"><\/span><span class=\"wpex-inline-block wpex-rounded-full wpex-mr-5\" style=\"background:#006b3b;height:7px;width:7px;\"><\/span><span class=\"wpex-inline-block wpex-rounded-full wpex-mr-5\" style=\"background:#006b3b;height:7px;width:7px;\"><\/span><span class=\"wpex-inline-block wpex-rounded-full wpex-mr-5\" style=\"background:#006b3b;height:7px;width:7px;\"><\/span><span class=\"wpex-inline-block wpex-rounded-full wpex-mr-5\" style=\"background:#006b3b;height:7px;width:7px;\"><\/span><span class=\"wpex-inline-block wpex-rounded-full wpex-mr-5\" style=\"background:#006b3b;height:7px;width:7px;\"><\/span><span class=\"wpex-inline-block wpex-rounded-full wpex-mr-5\" style=\"background:#006b3b;height:7px;width:7px;\"><\/span><span class=\"wpex-inline-block wpex-rounded-full wpex-mr-5\" style=\"background:#006b3b;height:7px;width:7px;\"><\/span><span class=\"wpex-inline-block wpex-rounded-full wpex-mr-5\" style=\"background:#006b3b;height:7px;width:7px;\"><\/span><span class=\"wpex-inline-block wpex-rounded-full wpex-mr-5\" style=\"background:#006b3b;height:7px;width:7px;\"><\/span><span class=\"wpex-inline-block wpex-rounded-full wpex-mr-5\" style=\"background:#006b3b;height:7px;width:7px;\"><\/span><span class=\"wpex-inline-block wpex-rounded-full wpex-mr-5\" style=\"background:#006b3b;height:7px;width:7px;\"><\/span><span class=\"wpex-inline-block wpex-rounded-full wpex-mr-5\" style=\"background:#006b3b;height:7px;width:7px;\"><\/span><span class=\"wpex-inline-block wpex-rounded-full wpex-mr-5\" style=\"background:#006b3b;height:7px;width:7px;\"><\/span><span class=\"wpex-inline-block wpex-rounded-full wpex-mr-5\" style=\"background:#006b3b;height:7px;width:7px;\"><\/span><span class=\"wpex-inline-block wpex-rounded-full wpex-mr-5\" style=\"background:#006b3b;height:7px;width:7px;\"><\/span><\/div><\/div><\/div><\/div><\/div><\/div>[\/vc_column_text][\/vc_column][\/vc_row][vc_row][vc_column width=&#8220;1\/2&#8243;][vc_custom_heading text=&#8220;GPS-Messung&#8220; font_container=&#8220;tag:h4|text_align:left|color:%23e20613&#8243; use_theme_fonts=&#8220;yes&#8220;][vc_empty_space height=&#8220;20px&#8220;][vc_column_text]Nach gr\u00fcndlichen Voruntersuchungen wissen wir, in welcher Tiefe und in welchem Abstand die Abflussrohre verlegt werden m\u00fcssen. \u00dcbersch\u00fcssiges Wasser wird in einen angrenzenden Graben abgeleitet. Wenn dies nicht m\u00f6glich ist, verwenden wir einen Hauptkanal mit T-St\u00fccken oder Sinkk\u00e4sten und leiten das Wasser in einen weiter entfernten Graben ein.<\/p>\n<p><strong>Praktisch:<\/strong> Wir k\u00f6nnen die Entw\u00e4sserung mit GPS messen. So entsteht eine Zeichnung, auf der Sie Ihre Grundst\u00fccksgrenzen, Auslaufstellen und die verlegte Entw\u00e4sserung jederzeit selbst einsehen k\u00f6nnen.[\/vc_column_text][\/vc_column][vc_column width=&#8220;1\/2&#8243;][vc_custom_heading text=&#8220;D\u00fcrre? Niveaugesteuerte Entw\u00e4sserung.&#8220; font_container=&#8220;tag:h4|text_align:left|color:%23e20613&#8243; use_theme_fonts=&#8220;yes&#8220;][vc_empty_space height=&#8220;20px&#8220;][vc_column_text]Die Entw\u00e4sserung kann auch dazu dienen, den Grundwasserspiegel zu erhalten und\/oder Regenwasser zur\u00fcckzuhalten. Angesichts der D\u00fcrre der letzten Jahre ist dies sehr gew\u00fcnscht. Dies kann durch den Bau von Trockenwehren (Schottenwehren) oder durch eine niveaugesteuerte Entw\u00e4sserung geschehen. Daf\u00fcr k\u00f6nnen Sie sogar einen Zuschuss erhalten!<\/p>\n<p>Zweifeln Sie, ob Sie ein neues System bauen lassen oder das bestehende anpassen sollten? <a href=\"https:\/\/huiskampbv.nl\/de\/kontakt\/\">Fragen Sie Huiskamp BV nach den M\u00f6glichkeiten!<\/a>[\/vc_column_text][\/vc_column][\/vc_row][vc_row][vc_column width=&#8220;1\/4&#8243;][vc_single_image image=&#8220;1367&#8243;][\/vc_column][vc_column width=&#8220;1\/4&#8243;][vc_single_image image=&#8220;1280&#8243;][\/vc_column][vc_column width=&#8220;1\/4&#8243;][vc_single_image image=&#8220;1389&#8243;][\/vc_column][vc_column width=&#8220;1\/4&#8243;][vc_single_image image=&#8220;1276&#8243;][\/vc_column][\/vc_row][vc_row][vc_column][vc_column_text]<div class=\"templatera_shortcode\"><style type=\"text\/css\" data-type=\"vc_shortcodes-custom-css\">.vc_custom_1655989399562{background-position: 0 0 !important;background-repeat: no-repeat !important;}.vc_custom_1655993571478{margin-left: 4px !important;background-image: url(https:\/\/huiskampbv.nl\/wp-content\/uploads\/2022\/06\/Seperator-6x-v3.png?id=654) !important;background-position: 0 0 !important;background-repeat: repeat !important;}<\/style><div class=\"vc_row wpb_row vc_row-fluid vc_custom_1655989399562 vc_row-o-content-bottom vc_row-flex wpex-relative wpex-vc_row-has-fill no-bottom-margins wpex-vc-reset-negative-margin\" style=\"background-position:background-position: center!important;\"><div class=\"wpb_column vc_column_container vc_col-sm-3\"><div class=\"vc_column-inner\"><div class=\"wpb_wrapper\"><div class=\"vcex-spacing wpex-w-100 wpex-clear\" style=\"height:20px;\"><\/div><\/div><\/div><\/div><div class=\"wpb_column vc_column_container vc_col-sm-6 wpex-vc_col-has-fill\"><div style=\"background-size:background-position: center;!important;\" class=\"vc_column-inner vc_custom_1655993571478\"><div class=\"wpb_wrapper\">\n\t<div  class=\"wpb_single_image wpb_content_element vc_align_center wpb_content_element\">\n\t\t\n\t\t<figure class=\"wpb_wrapper vc_figure\">\n\t\t\t<div class=\"vc_single_image-wrapper   vc_box_border_grey\"><img class=\"vc_single_image-img \" src=\"https:\/\/huiskampbv.nl\/wp-content\/uploads\/2021\/11\/Huiskamp-square-70x70.png\" width=\"70\" height=\"70\" alt=\"Huiskamp Winterswijk square\" title=\"Huiskamp Winterswijk square\" loading=\"lazy\" \/><\/div>\n\t\t<\/figure>\n\t<\/div>\n<\/div><\/div><\/div><div class=\"wpb_column vc_column_container vc_col-sm-3\"><div class=\"vc_column-inner\"><div class=\"wpb_wrapper\"><div class=\"vcex-spacing wpex-w-100 wpex-clear\" style=\"height:20px;\"><\/div><\/div><\/div><\/div><\/div><\/div>[\/vc_column_text][\/vc_column][\/vc_row][vc_row remove_bottom_col_margin=&#8220;true&#8220;][vc_column][vc_column_text]<div class=\"templatera_shortcode\"><style type=\"text\/css\" data-type=\"vc_shortcodes-custom-css\">.vc_custom_1655211102583{background-image: url(https:\/\/huiskampbv.nl\/wp-content\/uploads\/2022\/02\/achtergrond_huiskamp.jpg?id=92) !important;}.vc_custom_1674040757679{border-top-width: 1px !important;border-right-width: 1px !important;border-bottom-width: 1px !important;border-left-width: 1px !important;padding-bottom: 25px !important;border-left-color: #ffffff !important;border-left-style: solid !important;border-right-color: #ffffff !important;border-right-style: solid !important;border-top-color: #ffffff !important;border-top-style: solid !important;border-bottom-color: #ffffff !important;border-bottom-style: solid !important;}<\/style><div class=\"vc_row wpb_row vc_row-fluid vc_custom_1655211102583 wpex-vc-full-width-row wpex-vc-full-width-row--centered wpex-relative wpex-vc_row-has-fill no-bottom-margins wpex-vc-reset-negative-margin\"><div class=\"wpb_column vc_column_container vc_col-sm-1\/5\"><div class=\"vc_column-inner\"><div class=\"wpb_wrapper\"><\/div><\/div><\/div><div class=\"wpb_column vc_column_container vc_col-sm-3\/5\"><div class=\"vc_column-inner\"><div class=\"wpb_wrapper\"><div class=\"vc_empty_space\"   style=\"height: 35px\"><span class=\"vc_empty_space_inner\"><\/span><\/div>\n\t<div style=\"color:#ffffff;\" class=\"wpb_text_column has-custom-color wpex-child-inherit-color wpb_content_element vc_custom_1674040757679\" >\n\t\t<div class=\"wpb_wrapper\">\n\t\t\t<h4 style=\"text-align: center;\"><span style=\"font-size: 24px;\">Haben Sie Fragen, W\u00fcnsche<br \/>\noder brauchen Sie eine Beratung?<\/span><br \/>\n<span style=\"font-size: 24px;\"><a href=\"mailto:info@huiskampbv.nl\" target=\"_blank\" rel=\"noopener\">info@huiskampbv.nl<\/a><br \/>\nT <a href=\"tel: +31543514863\">+31(0)543-514863<\/a><\/span><span style=\"color: #000000;\"><br \/>\n<\/span><\/h4>\n\n\t\t<\/div>\n\t<\/div>\n<div class=\"vc_empty_space\"   style=\"height: 35px\"><span class=\"vc_empty_space_inner\"><\/span><\/div><\/div><\/div><\/div><div class=\"wpb_column vc_column_container vc_col-sm-1\/5\"><div class=\"vc_column-inner\"><div class=\"wpb_wrapper\"><\/div><\/div><\/div><\/div><\/div>[\/vc_column_text][\/vc_column][\/vc_row]\n<\/div>","protected":false},"excerpt":{"rendered":"Kontrolle des Grundwassers durch landwirtschaftliche Entw\u00e4sserung. Eine gute Entw\u00e4sserung ist wichtig. Durch die Entw\u00e4sserung senken wir den Grundwasserspiegel. Oberfl\u00e4chenwasser wie Regen- oder Sickerwasser wird abgeleitet. Dadurch werden Gras- und Ackerfl\u00e4chen besser befahrbar und bewirtschaftbar. Die landwirtschaftliche Entw\u00e4sserung tr\u00e4gt auch zu einer besseren Bodenstruktur bei und sorgt f\u00fcr mehr Sauerstoff im Boden. So tr\u00e4gt die Entw\u00e4sserung&hellip;","protected":false},"author":4,"featured_media":0,"parent":1501,"menu_order":0,"comment_status":"closed","ping_status":"closed","template":"","meta":{"footnotes":""},"class_list":["post-1459","page","type-page","status-publish","hentry","entry","no-media"],"_links":{"self":[{"href":"https:\/\/huiskampbv.nl\/de\/wp-json\/wp\/v2\/pages\/1459","targetHints":{"allow":["GET"]}}],"collection":[{"href":"https:\/\/huiskampbv.nl\/de\/wp-json\/wp\/v2\/pages"}],"about":[{"href":"https:\/\/huiskampbv.nl\/de\/wp-json\/wp\/v2\/types\/page"}],"author":[{"embeddable":true,"href":"https:\/\/huiskampbv.nl\/de\/wp-json\/wp\/v2\/users\/4"}],"replies":[{"embeddable":true,"href":"https:\/\/huiskampbv.nl\/de\/wp-json\/wp\/v2\/comments?post=1459"}],"version-history":[{"count":0,"href":"https:\/\/huiskampbv.nl\/de\/wp-json\/wp\/v2\/pages\/1459\/revisions"}],"up":[{"embeddable":true,"href":"https:\/\/huiskampbv.nl\/de\/wp-json\/wp\/v2\/pages\/1501"}],"wp:attachment":[{"href":"https:\/\/huiskampbv.nl\/de\/wp-json\/wp\/v2\/media?parent=1459"}],"curies":[{"name":"wp","href":"https:\/\/api.w.org\/{rel}","templated":true}]}}