{"id":1446,"date":"2022-06-08T07:40:41","date_gmt":"2022-06-08T05:40:41","guid":{"rendered":"https:\/\/wordpresswinterswijk.nl\/sloopwerken\/"},"modified":"2023-01-17T14:17:41","modified_gmt":"2023-01-17T14:17:41","slug":"rueckbauarbeiten-abbruchsarbeiten","status":"publish","type":"page","link":"https:\/\/huiskampbv.nl\/de\/rueckbauarbeiten-abbruchsarbeiten\/","title":{"rendered":"R\u00fcckbauarbeiten\/abbruchsarbeiten"},"content":{"rendered":"<div class=\"wpb-content-wrapper\">[vc_row][vc_column][vc_empty_space height=&#8220;20px&#8220;][vc_custom_heading text=&#8220;R\u00fcckbauarbeiten\/ Abbruchsarbeiten&#8220; font_container=&#8220;tag:h1|text_align:center|line_height:1.1&#8243; use_theme_fonts=&#8220;yes&#8220;][vc_column_text]<div class=\"templatera_shortcode\"><style type=\"text\/css\" data-type=\"vc_shortcodes-custom-css\">.vc_custom_1759139482084{padding-top: 20px !important;}<\/style><div class=\"vc_row wpb_row vc_row-fluid vc_custom_1759139482084 wpex-relative\"><div class=\"wpb_column vc_column_container vc_col-sm-12\"><div class=\"vc_column-inner\"><div class=\"wpb_wrapper\"><div class=\"vcex-module vcex-divider-dots wpex-mx-auto wpex-last-mr-0 wpex-text-center\"><span class=\"wpex-inline-block wpex-rounded-full wpex-mr-5\" style=\"background:#006b3b;height:7px;width:7px;\"><\/span><span class=\"wpex-inline-block wpex-rounded-full wpex-mr-5\" style=\"background:#006b3b;height:7px;width:7px;\"><\/span><span class=\"wpex-inline-block wpex-rounded-full wpex-mr-5\" style=\"background:#006b3b;height:7px;width:7px;\"><\/span><span class=\"wpex-inline-block wpex-rounded-full wpex-mr-5\" style=\"background:#006b3b;height:7px;width:7px;\"><\/span><span class=\"wpex-inline-block wpex-rounded-full wpex-mr-5\" style=\"background:#006b3b;height:7px;width:7px;\"><\/span><span class=\"wpex-inline-block wpex-rounded-full wpex-mr-5\" style=\"background:#006b3b;height:7px;width:7px;\"><\/span><span class=\"wpex-inline-block wpex-rounded-full wpex-mr-5\" style=\"background:#006b3b;height:7px;width:7px;\"><\/span><span class=\"wpex-inline-block wpex-rounded-full wpex-mr-5\" style=\"background:#006b3b;height:7px;width:7px;\"><\/span><span class=\"wpex-inline-block wpex-rounded-full wpex-mr-5\" style=\"background:#006b3b;height:7px;width:7px;\"><\/span><span class=\"wpex-inline-block wpex-rounded-full wpex-mr-5\" style=\"background:#006b3b;height:7px;width:7px;\"><\/span><span class=\"wpex-inline-block wpex-rounded-full wpex-mr-5\" style=\"background:#006b3b;height:7px;width:7px;\"><\/span><span class=\"wpex-inline-block wpex-rounded-full wpex-mr-5\" style=\"background:#006b3b;height:7px;width:7px;\"><\/span><span class=\"wpex-inline-block wpex-rounded-full wpex-mr-5\" style=\"background:#006b3b;height:7px;width:7px;\"><\/span><span class=\"wpex-inline-block wpex-rounded-full wpex-mr-5\" style=\"background:#006b3b;height:7px;width:7px;\"><\/span><span class=\"wpex-inline-block wpex-rounded-full wpex-mr-5\" style=\"background:#006b3b;height:7px;width:7px;\"><\/span><span class=\"wpex-inline-block wpex-rounded-full wpex-mr-5\" style=\"background:#006b3b;height:7px;width:7px;\"><\/span><span class=\"wpex-inline-block wpex-rounded-full wpex-mr-5\" style=\"background:#006b3b;height:7px;width:7px;\"><\/span><span class=\"wpex-inline-block wpex-rounded-full wpex-mr-5\" style=\"background:#006b3b;height:7px;width:7px;\"><\/span><span class=\"wpex-inline-block wpex-rounded-full wpex-mr-5\" style=\"background:#006b3b;height:7px;width:7px;\"><\/span><span class=\"wpex-inline-block wpex-rounded-full wpex-mr-5\" style=\"background:#006b3b;height:7px;width:7px;\"><\/span><span class=\"wpex-inline-block wpex-rounded-full wpex-mr-5\" style=\"background:#006b3b;height:7px;width:7px;\"><\/span><span class=\"wpex-inline-block wpex-rounded-full wpex-mr-5\" style=\"background:#006b3b;height:7px;width:7px;\"><\/span><span class=\"wpex-inline-block wpex-rounded-full wpex-mr-5\" style=\"background:#006b3b;height:7px;width:7px;\"><\/span><span class=\"wpex-inline-block wpex-rounded-full wpex-mr-5\" style=\"background:#006b3b;height:7px;width:7px;\"><\/span><span class=\"wpex-inline-block wpex-rounded-full wpex-mr-5\" style=\"background:#006b3b;height:7px;width:7px;\"><\/span><span class=\"wpex-inline-block wpex-rounded-full wpex-mr-5\" style=\"background:#006b3b;height:7px;width:7px;\"><\/span><span class=\"wpex-inline-block wpex-rounded-full wpex-mr-5\" style=\"background:#006b3b;height:7px;width:7px;\"><\/span><span class=\"wpex-inline-block wpex-rounded-full wpex-mr-5\" style=\"background:#006b3b;height:7px;width:7px;\"><\/span><span class=\"wpex-inline-block wpex-rounded-full wpex-mr-5\" style=\"background:#006b3b;height:7px;width:7px;\"><\/span><span class=\"wpex-inline-block wpex-rounded-full wpex-mr-5\" style=\"background:#006b3b;height:7px;width:7px;\"><\/span><\/div><\/div><\/div><\/div><\/div><\/div>[\/vc_column_text][\/vc_column][\/vc_row][vc_row][vc_column width=&#8220;1\/2&#8243;][vc_column_text]\n<h4>Abbruchsarbeiten, sicher und zuverl\u00e4ssig<\/h4>\n[\/vc_column_text][vc_empty_space height=&#8220;20px&#8220;][vc_column_text]Haben Sie eine alte Scheune oder ein anderes Geb\u00e4ude, das zur\u00fcckgebaut werden muss? Vom Abbruch einer kleinen Mauer bis hin zu ganzen H\u00e4usern und Gesch\u00e4ftsgeb\u00e4uden: Huiskamp BV sorgt f\u00fcr eine verantwortungsvolle und zuverl\u00e4ssige Ausf\u00fchrung.[\/vc_column_text][vc_empty_space height=&#8220;20px&#8220;][vc_custom_heading text=&#8220;Umweltfreundlicher Abbau&#8220; font_container=&#8220;tag:h4|text_align:left|color:%23e20613&#8243; use_theme_fonts=&#8220;yes&#8220;][vc_empty_space height=&#8220;20px&#8220;][vc_column_text]Wir brechen auf umweltbewusste Weise ab: &#8222;zirkul\u00e4r&#8220;. Wir geben Materialien, die f\u00fcr verschiedene Zwecke wiederverwendet werden k\u00f6nnen, ein zweites Leben![\/vc_column_text][vc_empty_space height=&#8220;20px&#8220;][\/vc_column][vc_column width=&#8220;1\/2&#8243;][vc_column_text]\n<h4>Asbestbeseitigung<\/h4>\n[\/vc_column_text][vc_empty_space height=&#8220;20px&#8220;][vc_column_text]Es kommt immer noch vor, dass ein \u00e4lteres Haus oder Geb\u00e4ude Asbest enth\u00e4lt. Asbest stellt aufgrund der winzigen Fasern eine gro\u00dfe Gefahr f\u00fcr die Gesundheit dar. Es ist wichtig, sie so schnell und richtig wie m\u00f6glich zu entfernen. Zu diesem Zweck arbeiten wir mit anerkannten Asbestsanierungsunternehmen zusammen.[\/vc_column_text][vc_empty_space height=&#8220;20px&#8220;][vc_custom_heading text=&#8220;Beseitigung oder Lagerung?&#8220; font_container=&#8220;tag:h4|text_align:left|color:%23e20613&#8243; use_theme_fonts=&#8220;yes&#8220;][vc_empty_space height=&#8220;20px&#8220;][vc_column_text]Abfuhr von Materialien, Zwischenlagerung von Materialien in Containern oder Zerkleinerung von grobem Schutt vor Ort mit einer mobilen Brechanlage? <a href=\"https:\/\/huiskampbv.nl\/de\/kontakt\/\">Fragen Sie uns nach den M\u00f6glichkeiten<\/a>, wir stehen Ihnen gerne zur Verf\u00fcgung![\/vc_column_text][\/vc_column][\/vc_row][vc_row][vc_column width=&#8220;1\/4&#8243;][vc_single_image image=&#8220;1285&#8243;][\/vc_column][vc_column width=&#8220;1\/4&#8243;][vc_single_image image=&#8220;1386&#8243;][\/vc_column][vc_column width=&#8220;1\/4&#8243;][vc_single_image image=&#8220;1366&#8243;][\/vc_column][vc_column width=&#8220;1\/4&#8243;][vc_single_image image=&#8220;1365&#8243;][\/vc_column][\/vc_row][vc_row][vc_column][vc_column_text]<div class=\"templatera_shortcode\"><style type=\"text\/css\" data-type=\"vc_shortcodes-custom-css\">.vc_custom_1655989399562{background-position: 0 0 !important;background-repeat: no-repeat !important;}.vc_custom_1655993571478{margin-left: 4px !important;background-image: url(https:\/\/huiskampbv.nl\/wp-content\/uploads\/2022\/06\/Seperator-6x-v3.png?id=654) !important;background-position: 0 0 !important;background-repeat: repeat !important;}<\/style><div class=\"vc_row wpb_row vc_row-fluid vc_custom_1655989399562 vc_row-o-content-bottom vc_row-flex wpex-relative wpex-vc_row-has-fill no-bottom-margins wpex-vc-reset-negative-margin\" style=\"background-position:background-position: center!important;\"><div class=\"wpb_column vc_column_container vc_col-sm-3\"><div class=\"vc_column-inner\"><div class=\"wpb_wrapper\"><div class=\"vcex-spacing wpex-w-100 wpex-clear\" style=\"height:20px;\"><\/div><\/div><\/div><\/div><div class=\"wpb_column vc_column_container vc_col-sm-6 wpex-vc_col-has-fill\"><div style=\"background-size:background-position: center;!important;\" class=\"vc_column-inner vc_custom_1655993571478\"><div class=\"wpb_wrapper\">\n\t<div  class=\"wpb_single_image wpb_content_element vc_align_center wpb_content_element\">\n\t\t\n\t\t<figure class=\"wpb_wrapper vc_figure\">\n\t\t\t<div class=\"vc_single_image-wrapper   vc_box_border_grey\"><img class=\"vc_single_image-img \" src=\"https:\/\/huiskampbv.nl\/wp-content\/uploads\/2021\/11\/Huiskamp-square-70x70.png\" width=\"70\" height=\"70\" alt=\"Huiskamp Winterswijk square\" title=\"Huiskamp Winterswijk square\" loading=\"lazy\" \/><\/div>\n\t\t<\/figure>\n\t<\/div>\n<\/div><\/div><\/div><div class=\"wpb_column vc_column_container vc_col-sm-3\"><div class=\"vc_column-inner\"><div class=\"wpb_wrapper\"><div class=\"vcex-spacing wpex-w-100 wpex-clear\" style=\"height:20px;\"><\/div><\/div><\/div><\/div><\/div><\/div>[\/vc_column_text][\/vc_column][\/vc_row][vc_row disable_element=&#8220;yes&#8220;][vc_column][vc_custom_heading text=&#8220;Huiskamp: Alles op orde&#8220; font_container=&#8220;tag:h2|text_align:center&#8220; use_theme_fonts=&#8220;yes&#8220;][vc_empty_space height=&#8220;20px&#8220;][vc_column_text]\n<p style=\"text-align: center;\"><strong><span style=\"color: #006636;\">Bij Huiskamp is alles op orde: de mensen, de machines \u00e9n de papieren. Zo zijn wij <a href=\"https:\/\/www.gmpplus.org\/nl\" target=\"_blank\" rel=\"noopener\">GMP+-gecertificeerd<\/a> en lid van <a href=\"https:\/\/securefeed.eu\/nl\" target=\"_blank\" rel=\"noopener\">Securefeed<\/a>. Dit zijn kwaliteitsborgingssystemen die door de diervoedersector worden gebruikt, zodat de hele keten zorgdraagt voor veilige diervoeders. Als loonbedrijf maken we onderdeel uit van deze keten. Wij geven graag onze kennis door en geloven dat de jeugd de toekomst heeft. Daarom hebben wij vaak stagiairs. Dus zoek je nog een stageadres? Meld je bij ons: Huiskamp is een erkend leerbedrijf.<\/span><\/strong><\/p>\n[\/vc_column_text][vc_empty_space height=&#8220;20px&#8220;][vc_column_text]<div class=\"templatera_shortcode\"><div class=\"vc_row wpb_row vc_row-fluid wpex-relative\"><div class=\"wpb_column vc_column_container vc_col-sm-1\/5\"><div class=\"vc_column-inner\"><div class=\"wpb_wrapper\"><div class=\"vcex-spacing wpex-w-100 wpex-clear\" style=\"height:20px;\"><\/div><\/div><\/div><\/div><div class=\"wpb_column vc_column_container vc_col-sm-1\/5\"><div class=\"vc_column-inner\"><div class=\"wpb_wrapper\">\n\t<div  class=\"wpb_single_image wpb_content_element vc_align_ wpb_content_element\">\n\t\t\n\t\t<figure class=\"wpb_wrapper vc_figure\">\n\t\t\t<div class=\"vc_single_image-wrapper   vc_box_border_grey\"><img width=\"220\" height=\"85\" src=\"https:\/\/huiskampbv.nl\/wp-content\/uploads\/2022\/06\/GMPlogo-220x85-1.jpg\" class=\"vc_single_image-img attachment-full\" alt=\"GMP+ logo Huiskamp BV\" title=\"\"><\/div>\n\t\t<\/figure>\n\t<\/div>\n<\/div><\/div><\/div><div class=\"wpb_column vc_column_container vc_col-sm-1\/5\"><div class=\"vc_column-inner\"><div class=\"wpb_wrapper\">\n\t<div  class=\"wpb_single_image wpb_content_element vc_align_ wpb_content_element\">\n\t\t\n\t\t<figure class=\"wpb_wrapper vc_figure\">\n\t\t\t<div class=\"vc_single_image-wrapper   vc_box_border_grey\"><img width=\"220\" height=\"85\" src=\"https:\/\/huiskampbv.nl\/wp-content\/uploads\/2022\/06\/securefeed_logo-220x85-1.jpg\" class=\"vc_single_image-img attachment-full\" alt=\"\" title=\"\"><\/div>\n\t\t<\/figure>\n\t<\/div>\n<\/div><\/div><\/div><div class=\"wpb_column vc_column_container vc_col-sm-1\/5\"><div class=\"vc_column-inner\"><div class=\"wpb_wrapper\">\n\t<div  class=\"wpb_single_image wpb_content_element vc_align_ wpb_content_element\">\n\t\t\n\t\t<figure class=\"wpb_wrapper vc_figure\">\n\t\t\t<div class=\"vc_single_image-wrapper   vc_box_border_grey\"><img width=\"220\" height=\"85\" src=\"https:\/\/huiskampbv.nl\/wp-content\/uploads\/2022\/06\/sbb-erkend-leerbedrijf-220x85-1.jpg\" class=\"vc_single_image-img attachment-full\" alt=\"SBB erkend leerbedrijf Huiskamp BV\" title=\"\"><\/div>\n\t\t<\/figure>\n\t<\/div>\n<\/div><\/div><\/div><div class=\"wpb_column vc_column_container vc_col-sm-1\/5\"><div class=\"vc_column-inner\"><div class=\"wpb_wrapper\"><div class=\"vcex-spacing wpex-w-100 wpex-clear\" style=\"height:20px;\"><\/div><\/div><\/div><\/div><\/div><\/div>[\/vc_column_text][\/vc_column][\/vc_row][vc_row full_width=&#8220;stretch_row&#8220; disable_element=&#8220;yes&#8220; css=&#8220;.vc_custom_1654678125079{background-image: url(https:\/\/huiskampbv.nl\/wp-content\/uploads\/2022\/02\/johndeere.jpg?id=147) !important;}&#8220;][vc_column][vc_empty_space height=&#8220;500px&#8220;][\/vc_column][\/vc_row][vc_row full_width=&#8220;stretch_row_content_no_spaces&#8220; disable_element=&#8220;yes&#8220;][vc_column][vc_gmaps link=&#8220;#E-8_JTNDaWZyYW1lJTIwc3JjJTNEJTIyaHR0cHMlM0ElMkYlMkZ3d3cuZ29vZ2xlLmNvbSUyRm1hcHMlMkZlbWJlZCUzRnBiJTNEJTIxMW0xOCUyMTFtMTIlMjExbTMlMjExZDk4MjYuNzYxODM2NjQwNDE5JTIxMmQ2LjczNDc3NDgwNDY1MDc4MSUyMTNkNTEuOTk0Mjk1Mjc5NjE4NiUyMTJtMyUyMTFmMCUyMTJmMCUyMTNmMCUyMTNtMiUyMTFpMTAyNCUyMTJpNzY4JTIxNGYxMy4xJTIxM20zJTIxMW0yJTIxMXMweDQ3Yjg2NTVlYjdjZTAwYzMlMjUzQTB4NDUyYWNiODVjZDY1YzU1MSUyMTJzTG9vbi0lMjUyMGVuJTI1MjBHcm9uZHZlcnpldGJlZHJpamYlMjUyMEh1aXNrYW1wJTI1MjBCLlYuJTI1MjBXaW50ZXJzd2lqayUyMTVlMCUyMTNtMiUyMTFzbmwlMjEyc25sJTIxNHYxNjQ0NDAzMzE3MjI1JTIxNW0yJTIxMXNubCUyMTJzbmwlMjIlMjB3aWR0aCUzRCUyMjYwMCUyMiUyMGhlaWdodCUzRCUyMjQ1MCUyMiUyMHN0eWxlJTNEJTIyYm9yZGVyJTNBMCUzQiUyMiUyMGFsbG93ZnVsbHNjcmVlbiUzRCUyMiUyMiUyMGxvYWRpbmclM0QlMjJsYXp5JTIyJTNFJTNDJTJGaWZyYW1lJTNF&#8220;][\/vc_column][\/vc_row][vc_row remove_bottom_col_margin=&#8220;true&#8220;][vc_column][vc_column_text]<div class=\"templatera_shortcode\"><style type=\"text\/css\" data-type=\"vc_shortcodes-custom-css\">.vc_custom_1655211102583{background-image: url(https:\/\/huiskampbv.nl\/wp-content\/uploads\/2022\/02\/achtergrond_huiskamp.jpg?id=92) !important;}.vc_custom_1674040757679{border-top-width: 1px !important;border-right-width: 1px !important;border-bottom-width: 1px !important;border-left-width: 1px !important;padding-bottom: 25px !important;border-left-color: #ffffff !important;border-left-style: solid !important;border-right-color: #ffffff !important;border-right-style: solid !important;border-top-color: #ffffff !important;border-top-style: solid !important;border-bottom-color: #ffffff !important;border-bottom-style: solid !important;}<\/style><div class=\"vc_row wpb_row vc_row-fluid vc_custom_1655211102583 wpex-vc-full-width-row wpex-vc-full-width-row--centered wpex-relative wpex-vc_row-has-fill no-bottom-margins wpex-vc-reset-negative-margin\"><div class=\"wpb_column vc_column_container vc_col-sm-1\/5\"><div class=\"vc_column-inner\"><div class=\"wpb_wrapper\"><\/div><\/div><\/div><div class=\"wpb_column vc_column_container vc_col-sm-3\/5\"><div class=\"vc_column-inner\"><div class=\"wpb_wrapper\"><div class=\"vc_empty_space\"   style=\"height: 35px\"><span class=\"vc_empty_space_inner\"><\/span><\/div>\n\t<div style=\"color:#ffffff;\" class=\"wpb_text_column has-custom-color wpex-child-inherit-color wpb_content_element vc_custom_1674040757679\" >\n\t\t<div class=\"wpb_wrapper\">\n\t\t\t<h4 style=\"text-align: center;\"><span style=\"font-size: 24px;\">Haben Sie Fragen, W\u00fcnsche<br \/>\noder brauchen Sie eine Beratung?<\/span><br \/>\n<span style=\"font-size: 24px;\"><a href=\"mailto:info@huiskampbv.nl\" target=\"_blank\" rel=\"noopener\">info@huiskampbv.nl<\/a><br \/>\nT <a href=\"tel: +31543514863\">+31(0)543-514863<\/a><\/span><span style=\"color: #000000;\"><br \/>\n<\/span><\/h4>\n\n\t\t<\/div>\n\t<\/div>\n<div class=\"vc_empty_space\"   style=\"height: 35px\"><span class=\"vc_empty_space_inner\"><\/span><\/div><\/div><\/div><\/div><div class=\"wpb_column vc_column_container vc_col-sm-1\/5\"><div class=\"vc_column-inner\"><div class=\"wpb_wrapper\"><\/div><\/div><\/div><\/div><\/div>[\/vc_column_text][\/vc_column][\/vc_row]\n<\/div>","protected":false},"excerpt":{"rendered":"R\u00fcckbauarbeiten\/ Abbruchsarbeiten Abbruchsarbeiten, sicher und zuverl\u00e4ssig Haben Sie eine alte Scheune oder ein anderes Geb\u00e4ude, das zur\u00fcckgebaut werden muss? Vom Abbruch einer kleinen Mauer bis hin zu ganzen H\u00e4usern und Gesch\u00e4ftsgeb\u00e4uden: Huiskamp BV sorgt f\u00fcr eine verantwortungsvolle und zuverl\u00e4ssige Ausf\u00fchrung. Umweltfreundlicher Abbau Wir brechen auf umweltbewusste Weise ab: \"zirkul\u00e4r\". Wir geben Materialien, die f\u00fcr verschiedene&hellip;","protected":false},"author":4,"featured_media":1366,"parent":0,"menu_order":0,"comment_status":"closed","ping_status":"closed","template":"","meta":{"footnotes":""},"class_list":["post-1446","page","type-page","status-publish","has-post-thumbnail","hentry","entry","has-media"],"_links":{"self":[{"href":"https:\/\/huiskampbv.nl\/de\/wp-json\/wp\/v2\/pages\/1446","targetHints":{"allow":["GET"]}}],"collection":[{"href":"https:\/\/huiskampbv.nl\/de\/wp-json\/wp\/v2\/pages"}],"about":[{"href":"https:\/\/huiskampbv.nl\/de\/wp-json\/wp\/v2\/types\/page"}],"author":[{"embeddable":true,"href":"https:\/\/huiskampbv.nl\/de\/wp-json\/wp\/v2\/users\/4"}],"replies":[{"embeddable":true,"href":"https:\/\/huiskampbv.nl\/de\/wp-json\/wp\/v2\/comments?post=1446"}],"version-history":[{"count":0,"href":"https:\/\/huiskampbv.nl\/de\/wp-json\/wp\/v2\/pages\/1446\/revisions"}],"wp:featuredmedia":[{"embeddable":true,"href":"https:\/\/huiskampbv.nl\/de\/wp-json\/wp\/v2\/media\/1366"}],"wp:attachment":[{"href":"https:\/\/huiskampbv.nl\/de\/wp-json\/wp\/v2\/media?parent=1446"}],"curies":[{"name":"wp","href":"https:\/\/api.w.org\/{rel}","templated":true}]}}