{"id":1414,"date":"2022-02-09T11:12:02","date_gmt":"2022-02-09T10:12:02","guid":{"rendered":"https:\/\/wordpresswinterswijk.nl\/grond-en-straatwerk\/"},"modified":"2023-01-19T12:26:29","modified_gmt":"2023-01-19T11:26:29","slug":"erd-und-pflasterarbeiten","status":"publish","type":"page","link":"https:\/\/huiskampbv.nl\/de\/erd-und-pflasterarbeiten\/","title":{"rendered":"Erd- und Pflasterarbeiten"},"content":{"rendered":"<div class=\"wpb-content-wrapper\">[vc_row][vc_column][vc_empty_space height=&#8220;20px&#8220;][vc_custom_heading text=&#8220;Erd- und Pflasterarbeiten: Frisch gewagt ist halb gewonnen!&#8220; font_container=&#8220;tag:h1|text_align:center|line_height:1.1&#8243; use_theme_fonts=&#8220;yes&#8220;][vc_column_text]\n<h3 style=\"text-align: center;\"><span style=\"color: #006636;\">Huiskamp verf\u00fcgt \u00fcber einen modernen Maschinenpark zur Durchf\u00fchrung von Erd- und Pflasterarbeiten. Wir arbeiten f\u00fcr landwirtschaftliche Unternehmen, <\/span><span style=\"color: #006636;\">Bautr\u00e4ger, Gemeinden, Bauunternehmen und Privatpersonen.<br \/>\n<\/span><\/h3>\n[\/vc_column_text][vc_column_text]<div class=\"templatera_shortcode\"><style type=\"text\/css\" data-type=\"vc_shortcodes-custom-css\">.vc_custom_1759139482084{padding-top: 20px !important;}<\/style><div class=\"vc_row wpb_row vc_row-fluid vc_custom_1759139482084 wpex-relative\"><div class=\"wpb_column vc_column_container vc_col-sm-12\"><div class=\"vc_column-inner\"><div class=\"wpb_wrapper\"><div class=\"vcex-module vcex-divider-dots wpex-mx-auto wpex-last-mr-0 wpex-text-center\"><span class=\"wpex-inline-block wpex-rounded-full wpex-mr-5\" style=\"background:#006b3b;height:7px;width:7px;\"><\/span><span class=\"wpex-inline-block wpex-rounded-full wpex-mr-5\" style=\"background:#006b3b;height:7px;width:7px;\"><\/span><span class=\"wpex-inline-block wpex-rounded-full wpex-mr-5\" style=\"background:#006b3b;height:7px;width:7px;\"><\/span><span class=\"wpex-inline-block wpex-rounded-full wpex-mr-5\" style=\"background:#006b3b;height:7px;width:7px;\"><\/span><span class=\"wpex-inline-block wpex-rounded-full wpex-mr-5\" style=\"background:#006b3b;height:7px;width:7px;\"><\/span><span class=\"wpex-inline-block wpex-rounded-full wpex-mr-5\" style=\"background:#006b3b;height:7px;width:7px;\"><\/span><span class=\"wpex-inline-block wpex-rounded-full wpex-mr-5\" style=\"background:#006b3b;height:7px;width:7px;\"><\/span><span class=\"wpex-inline-block wpex-rounded-full wpex-mr-5\" style=\"background:#006b3b;height:7px;width:7px;\"><\/span><span class=\"wpex-inline-block wpex-rounded-full wpex-mr-5\" style=\"background:#006b3b;height:7px;width:7px;\"><\/span><span class=\"wpex-inline-block wpex-rounded-full wpex-mr-5\" style=\"background:#006b3b;height:7px;width:7px;\"><\/span><span class=\"wpex-inline-block wpex-rounded-full wpex-mr-5\" style=\"background:#006b3b;height:7px;width:7px;\"><\/span><span class=\"wpex-inline-block wpex-rounded-full wpex-mr-5\" style=\"background:#006b3b;height:7px;width:7px;\"><\/span><span class=\"wpex-inline-block wpex-rounded-full wpex-mr-5\" style=\"background:#006b3b;height:7px;width:7px;\"><\/span><span class=\"wpex-inline-block wpex-rounded-full wpex-mr-5\" style=\"background:#006b3b;height:7px;width:7px;\"><\/span><span class=\"wpex-inline-block wpex-rounded-full wpex-mr-5\" style=\"background:#006b3b;height:7px;width:7px;\"><\/span><span class=\"wpex-inline-block wpex-rounded-full wpex-mr-5\" style=\"background:#006b3b;height:7px;width:7px;\"><\/span><span class=\"wpex-inline-block wpex-rounded-full wpex-mr-5\" style=\"background:#006b3b;height:7px;width:7px;\"><\/span><span class=\"wpex-inline-block wpex-rounded-full wpex-mr-5\" style=\"background:#006b3b;height:7px;width:7px;\"><\/span><span class=\"wpex-inline-block wpex-rounded-full wpex-mr-5\" style=\"background:#006b3b;height:7px;width:7px;\"><\/span><span class=\"wpex-inline-block wpex-rounded-full wpex-mr-5\" style=\"background:#006b3b;height:7px;width:7px;\"><\/span><span class=\"wpex-inline-block wpex-rounded-full wpex-mr-5\" style=\"background:#006b3b;height:7px;width:7px;\"><\/span><span class=\"wpex-inline-block wpex-rounded-full wpex-mr-5\" style=\"background:#006b3b;height:7px;width:7px;\"><\/span><span class=\"wpex-inline-block wpex-rounded-full wpex-mr-5\" style=\"background:#006b3b;height:7px;width:7px;\"><\/span><span class=\"wpex-inline-block wpex-rounded-full wpex-mr-5\" style=\"background:#006b3b;height:7px;width:7px;\"><\/span><span class=\"wpex-inline-block wpex-rounded-full wpex-mr-5\" style=\"background:#006b3b;height:7px;width:7px;\"><\/span><span class=\"wpex-inline-block wpex-rounded-full wpex-mr-5\" style=\"background:#006b3b;height:7px;width:7px;\"><\/span><span class=\"wpex-inline-block wpex-rounded-full wpex-mr-5\" style=\"background:#006b3b;height:7px;width:7px;\"><\/span><span class=\"wpex-inline-block wpex-rounded-full wpex-mr-5\" style=\"background:#006b3b;height:7px;width:7px;\"><\/span><span class=\"wpex-inline-block wpex-rounded-full wpex-mr-5\" style=\"background:#006b3b;height:7px;width:7px;\"><\/span><span class=\"wpex-inline-block wpex-rounded-full wpex-mr-5\" style=\"background:#006b3b;height:7px;width:7px;\"><\/span><\/div><\/div><\/div><\/div><\/div><\/div>[\/vc_column_text][\/vc_column][\/vc_row][vc_row][vc_column width=&#8220;1\/4&#8243;][vc_single_image image=&#8220;1271&#8243; onclick=&#8220;custom_link&#8220; link=&#8220;https:\/\/huiskampbv.nl\/de\/erd-und-pflasterarbeiten\/zierpflaster\/&#8220;][vc_empty_space height=&#8220;20px&#8220;][vc_custom_heading text=&#8220;Zierpflaster&#8220; font_container=&#8220;tag:h4|text_align:left|color:%23e20613&#8243; use_theme_fonts=&#8220;yes&#8220;][vc_empty_space height=&#8220;20px&#8220;][vc_column_text]Huiskamp BV verf\u00fcgt \u00fcber einen modernen Maschinenpark f\u00fcr Erd- und Pflasterarbeiten. Wir machen diese Arbeit f\u00fcr Landwirtschaftliche Unternehmen, Gemeinden, Bauunternehmen und staatliche Einrichtungen. Gro\u00dfprojekte mit viel Erdbau, maschinelle Pflasterung von Industriegel\u00e4nden oder der Bau einer privaten Zufahrt, wir scheuen keine Herausforderung![\/vc_column_text][vc_empty_space height=&#8220;20px&#8220;]<style>.vcex-button.vcex_69e7a8560e152{background:#ffffff;color:#006636!important;}.vcex-button.vcex_69e7a8560e152:hover{background:#ffffff!important;}<\/style><a href=\"https:\/\/huiskampbv.nl\/de\/erd-und-pflasterarbeiten\/zierpflaster\/\" class=\"vcex-button theme-txt-link green wpex-inline-block inline vcex_69e7a8560e152\"><span class=\"vcex-button-inner theme-button-inner wpex-flex wpex-flex-wrap wpex-items-center wpex-justify-center\">Weiterlesen &gt;&gt;<\/span><\/a> [\/vc_column][vc_column width=&#8220;1\/4&#8243;][vc_single_image image=&#8220;1371&#8243; onclick=&#8220;custom_link&#8220; link=&#8220;https:\/\/huiskampbv.nl\/de\/erd-und-pflasterarbeiten\/die-erdarbeiten\/&#8220;][vc_empty_space height=&#8220;20px&#8220;][vc_custom_heading text=&#8220;Die Erdarbeiten&#8220; font_container=&#8220;tag:h4|text_align:left|color:%23e20613&#8243; use_theme_fonts=&#8220;yes&#8220;][vc_empty_space height=&#8220;20px&#8220;][vc_column_text]Als vielseitiges Unternehmen sind wir breit aufgestellt f\u00fcr alles, was im und mit dem Boden zu tun hat. Entw\u00e4sserung von Abwasser oder Regenwasser im Boden? Oder eher ein Versickerungskistenfeld? Vom t\u00fcrbreiten Minibagger bis zum GPS-gesteuerten Raupenbagger &#8211; Vielfalt ist unsere St\u00e4rke.[\/vc_column_text][vc_empty_space height=&#8220;20px&#8220;]<style>.vcex-button.vcex_69e7a8560fcac{background:#ffffff;color:#006636!important;}.vcex-button.vcex_69e7a8560fcac:hover{background:#ffffff!important;}<\/style><a href=\"https:\/\/huiskampbv.nl\/de\/erd-und-pflasterarbeiten\/die-erdarbeiten\/\" class=\"vcex-button theme-txt-link green wpex-inline-block inline vcex_69e7a8560fcac\"><span class=\"vcex-button-inner theme-button-inner wpex-flex wpex-flex-wrap wpex-items-center wpex-justify-center\">Weiterlesen &gt;&gt;<\/span><\/a> [\/vc_column][vc_column width=&#8220;1\/4&#8243;][vc_single_image image=&#8220;1344&#8243; onclick=&#8220;custom_link&#8220; link=&#8220;https:\/\/huiskampbv.nl\/de\/erd-und-pflasterarbeiten\/maschinelle-pflasterung\/&#8220;][vc_empty_space height=&#8220;20px&#8220;][vc_custom_heading text=&#8220;Maschinelle Pflasterung&#8220; font_container=&#8220;tag:h4|text_align:left|color:%23e20613&#8243; use_theme_fonts=&#8220;yes&#8220;][vc_empty_space height=&#8220;20px&#8220;][vc_column_text]Pflasterarbeiten geh\u00f6ren f\u00fcr uns zum Tagesgesch\u00e4ft. Mit Hilfe des maschinellen Pflasterung k\u00f6nnen wir problemlos neue Pflaster verlegen. Der maschinelle Pflasterung ist schnell und erleichtert die Arbeit. Es ist nicht nur f\u00fcr gro\u00dfe Projekte geeignet! Mit unseren Maschinen k\u00f6nnen auch kleinere Projekte maschinell durchgef\u00fchrt werden.[\/vc_column_text][vc_empty_space height=&#8220;20px&#8220;]<style>.vcex-button.vcex_69e7a85610c4c{background:#ffffff;color:#006636!important;}.vcex-button.vcex_69e7a85610c4c:hover{background:#ffffff!important;}<\/style><a href=\"https:\/\/huiskampbv.nl\/de\/erd-und-pflasterarbeiten\/maschinelle-pflasterung\/\" class=\"vcex-button theme-txt-link green wpex-inline-block inline vcex_69e7a85610c4c\"><span class=\"vcex-button-inner theme-button-inner wpex-flex wpex-flex-wrap wpex-items-center wpex-justify-center\">Weiterlesen &gt;&gt;<\/span><\/a> [\/vc_column][vc_column width=&#8220;1\/4&#8243;][vc_single_image image=&#8220;1350&#8243; onclick=&#8220;custom_link&#8220; link=&#8220;https:\/\/huiskampbv.nl\/de\/erd-und-pflasterarbeiten\/gps-messung\/&#8220;][vc_empty_space height=&#8220;20px&#8220;][vc_custom_heading text=&#8220;GPS-Messung&#8220; font_container=&#8220;tag:h4|text_align:left|color:%23e20613&#8243; use_theme_fonts=&#8220;yes&#8220;][vc_empty_space height=&#8220;20px&#8220;][vc_column_text]Wir messen seit Jahren verschiedene Projekte mit GPS (Global Positioning System). So k\u00f6nnen wir in k\u00fcrzester Zeit alles genau vermessen und aufzeichnen, in der gew\u00fcnschten H\u00f6he fertigstellen und wissen im Voraus, wie viele Kubikmeter Erde bewegt werden m\u00fcssen. Das hei\u00dft, wir arbeiten schneller und effektiver mit GPS.[\/vc_column_text][vc_empty_space height=&#8220;20px&#8220;]<style>.vcex-button.vcex_69e7a85611e26{background:#ffffff;color:#006636!important;}.vcex-button.vcex_69e7a85611e26:hover{background:#ffffff!important;}<\/style><a href=\"https:\/\/huiskampbv.nl\/de\/erd-und-pflasterarbeiten\/gps-messung\/\" class=\"vcex-button theme-txt-link green wpex-inline-block inline vcex_69e7a85611e26\"><span class=\"vcex-button-inner theme-button-inner wpex-flex wpex-flex-wrap wpex-items-center wpex-justify-center\">Weiterlesen &gt;&gt;<\/span><\/a> [\/vc_column][\/vc_row][vc_row][vc_column width=&#8220;1\/4&#8243;][vc_single_image image=&#8220;1332&#8243; onclick=&#8220;custom_link&#8220; link=&#8220;https:\/\/huiskampbv.nl\/de\/fahrsilos\/&#8220;][vc_empty_space height=&#8220;20px&#8220;][vc_custom_heading text=&#8220;Fahrsilos&#8220; font_container=&#8220;tag:h4|text_align:left|color:%23e20613&#8243; use_theme_fonts=&#8220;yes&#8220;][vc_empty_space height=&#8220;20px&#8220;][vc_column_text]Wir haben umfangreiche Erfahrung im Bau von Fahrsilos.<br \/>\nAus dem Untergrund, Presssaft Sammlung und Abdichtung der W\u00e4nde. Wir wissen, worauf es ankommt, um Ihr wertvolles Tierfutter gut zu lagern.[\/vc_column_text][vc_empty_space height=&#8220;20px&#8220;]<style>.vcex-button.vcex_69e7a85613007{background:#ffffff;color:#006636!important;}.vcex-button.vcex_69e7a85613007:hover{background:#ffffff!important;}<\/style><a href=\"https:\/\/huiskampbv.nl\/de\/fahrsilos\/\" class=\"vcex-button theme-txt-link green wpex-inline-block inline vcex_69e7a85613007\"><span class=\"vcex-button-inner theme-button-inner wpex-flex wpex-flex-wrap wpex-items-center wpex-justify-center\">Weiterlesen &gt;&gt;<\/span><\/a> [\/vc_column][vc_column width=&#8220;1\/4&#8243;][vc_single_image image=&#8220;1337&#8243; onclick=&#8220;custom_link&#8220; link=&#8220;https:\/\/huiskampbv.nl\/de\/kulturtechnik\/&#8220;][vc_empty_space height=&#8220;20px&#8220;][vc_custom_heading text=&#8220;Kulturtechnik&#8220; font_container=&#8220;tag:h4|text_align:left|color:%23e20613&#8243; use_theme_fonts=&#8220;yes&#8220;][vc_empty_space height=&#8220;20px&#8220;][vc_column_text]Wir sind auch bereit f\u00fcr den Bau von Gr\u00e4ben, Wehren und Teichen. Mit unseren erfahrenen Fahrern realisieren wir die sch\u00f6nsten Projekte, die sich in die Landschaft einf\u00fcgen.\u00a0 Wir k\u00f6nnen uns auch um die Pflege Ihrer Hecken oder B\u00e4ume k\u00fcmmern.[\/vc_column_text][vc_empty_space height=&#8220;20px&#8220;]<style>.vcex-button.vcex_69e7a85613ec7{background:#ffffff;color:#006636!important;}.vcex-button.vcex_69e7a85613ec7:hover{background:#ffffff!important;}<\/style><a href=\"https:\/\/huiskampbv.nl\/de\/kulturtechnik\/\" class=\"vcex-button theme-txt-link green wpex-inline-block inline vcex_69e7a85613ec7\"><span class=\"vcex-button-inner theme-button-inner wpex-flex wpex-flex-wrap wpex-items-center wpex-justify-center\">Weiterlesen &gt;&gt;<\/span><\/a> [\/vc_column][vc_column width=&#8220;1\/4&#8243;][\/vc_column][vc_column width=&#8220;1\/4&#8243;][\/vc_column][\/vc_row][vc_row][vc_column][vc_column_text]<div class=\"templatera_shortcode\"><style type=\"text\/css\" data-type=\"vc_shortcodes-custom-css\">.vc_custom_1655989399562{background-position: 0 0 !important;background-repeat: no-repeat !important;}.vc_custom_1655993571478{margin-left: 4px !important;background-image: url(https:\/\/huiskampbv.nl\/wp-content\/uploads\/2022\/06\/Seperator-6x-v3.png?id=654) !important;background-position: 0 0 !important;background-repeat: repeat !important;}<\/style><div class=\"vc_row wpb_row vc_row-fluid vc_custom_1655989399562 vc_row-o-content-bottom vc_row-flex wpex-relative wpex-vc_row-has-fill no-bottom-margins wpex-vc-reset-negative-margin\" style=\"background-position:background-position: center!important;\"><div class=\"wpb_column vc_column_container vc_col-sm-3\"><div class=\"vc_column-inner\"><div class=\"wpb_wrapper\"><div class=\"vcex-spacing wpex-w-100 wpex-clear\" style=\"height:20px;\"><\/div><\/div><\/div><\/div><div class=\"wpb_column vc_column_container vc_col-sm-6 wpex-vc_col-has-fill\"><div style=\"background-size:background-position: center;!important;\" class=\"vc_column-inner vc_custom_1655993571478\"><div class=\"wpb_wrapper\">\n\t<div  class=\"wpb_single_image wpb_content_element vc_align_center wpb_content_element\">\n\t\t\n\t\t<figure class=\"wpb_wrapper vc_figure\">\n\t\t\t<div class=\"vc_single_image-wrapper   vc_box_border_grey\"><img class=\"vc_single_image-img \" src=\"https:\/\/huiskampbv.nl\/wp-content\/uploads\/2021\/11\/Huiskamp-square-70x70.png\" width=\"70\" height=\"70\" alt=\"Huiskamp Winterswijk square\" title=\"Huiskamp Winterswijk square\" loading=\"lazy\" \/><\/div>\n\t\t<\/figure>\n\t<\/div>\n<\/div><\/div><\/div><div class=\"wpb_column vc_column_container vc_col-sm-3\"><div class=\"vc_column-inner\"><div class=\"wpb_wrapper\"><div class=\"vcex-spacing wpex-w-100 wpex-clear\" style=\"height:20px;\"><\/div><\/div><\/div><\/div><\/div><\/div>[\/vc_column_text][\/vc_column][\/vc_row][vc_row disable_element=&#8220;yes&#8220;][vc_column][vc_custom_heading text=&#8220;Huiskamp: Alles op orde&#8220; font_container=&#8220;tag:h2|text_align:center&#8220; use_theme_fonts=&#8220;yes&#8220;][vc_empty_space height=&#8220;20px&#8220;][vc_column_text]\n<p style=\"text-align: center;\"><strong><span style=\"color: #006636;\">Bij Huiskamp is alles op orde: de mensen, de machines \u00e9n de papieren. Zo zijn wij <a href=\"https:\/\/www.gmpplus.org\/nl\" target=\"_blank\" rel=\"noopener\">GMP+-gecertificeerd<\/a> en lid van <a href=\"https:\/\/securefeed.eu\/nl\" target=\"_blank\" rel=\"noopener\">Securefeed<\/a>. Dit zijn kwaliteitsborgingssystemen die door de diervoedersector worden gebruikt, zodat de hele keten zorgdraagt voor veilige diervoeders. Als loonbedrijf maken we onderdeel uit van deze keten. Wij geven graag onze kennis door en geloven dat de jeugd de toekomst heeft. Daarom hebben wij vaak stagiairs. Dus zoek je nog een stageadres? Meld je bij ons: Huiskamp is een erkend leerbedrijf.<\/span><\/strong><\/p>\n[\/vc_column_text][vc_empty_space height=&#8220;20px&#8220;][vc_column_text]<div class=\"templatera_shortcode\"><div class=\"vc_row wpb_row vc_row-fluid wpex-relative\"><div class=\"wpb_column vc_column_container vc_col-sm-1\/5\"><div class=\"vc_column-inner\"><div class=\"wpb_wrapper\"><div class=\"vcex-spacing wpex-w-100 wpex-clear\" style=\"height:20px;\"><\/div><\/div><\/div><\/div><div class=\"wpb_column vc_column_container vc_col-sm-1\/5\"><div class=\"vc_column-inner\"><div class=\"wpb_wrapper\">\n\t<div  class=\"wpb_single_image wpb_content_element vc_align_ wpb_content_element\">\n\t\t\n\t\t<figure class=\"wpb_wrapper vc_figure\">\n\t\t\t<div class=\"vc_single_image-wrapper   vc_box_border_grey\"><img width=\"220\" height=\"85\" src=\"https:\/\/huiskampbv.nl\/wp-content\/uploads\/2022\/06\/GMPlogo-220x85-1.jpg\" class=\"vc_single_image-img attachment-full\" alt=\"GMP+ logo Huiskamp BV\" title=\"\"><\/div>\n\t\t<\/figure>\n\t<\/div>\n<\/div><\/div><\/div><div class=\"wpb_column vc_column_container vc_col-sm-1\/5\"><div class=\"vc_column-inner\"><div class=\"wpb_wrapper\">\n\t<div  class=\"wpb_single_image wpb_content_element vc_align_ wpb_content_element\">\n\t\t\n\t\t<figure class=\"wpb_wrapper vc_figure\">\n\t\t\t<div class=\"vc_single_image-wrapper   vc_box_border_grey\"><img width=\"220\" height=\"85\" src=\"https:\/\/huiskampbv.nl\/wp-content\/uploads\/2022\/06\/securefeed_logo-220x85-1.jpg\" class=\"vc_single_image-img attachment-full\" alt=\"\" title=\"\"><\/div>\n\t\t<\/figure>\n\t<\/div>\n<\/div><\/div><\/div><div class=\"wpb_column vc_column_container vc_col-sm-1\/5\"><div class=\"vc_column-inner\"><div class=\"wpb_wrapper\">\n\t<div  class=\"wpb_single_image wpb_content_element vc_align_ wpb_content_element\">\n\t\t\n\t\t<figure class=\"wpb_wrapper vc_figure\">\n\t\t\t<div class=\"vc_single_image-wrapper   vc_box_border_grey\"><img width=\"220\" height=\"85\" src=\"https:\/\/huiskampbv.nl\/wp-content\/uploads\/2022\/06\/sbb-erkend-leerbedrijf-220x85-1.jpg\" class=\"vc_single_image-img attachment-full\" alt=\"SBB erkend leerbedrijf Huiskamp BV\" title=\"\"><\/div>\n\t\t<\/figure>\n\t<\/div>\n<\/div><\/div><\/div><div class=\"wpb_column vc_column_container vc_col-sm-1\/5\"><div class=\"vc_column-inner\"><div class=\"wpb_wrapper\"><div class=\"vcex-spacing wpex-w-100 wpex-clear\" style=\"height:20px;\"><\/div><\/div><\/div><\/div><\/div><\/div>[\/vc_column_text][\/vc_column][\/vc_row][vc_row full_width=&#8220;stretch_row&#8220; disable_element=&#8220;yes&#8220; css=&#8220;.vc_custom_1654677563768{background-image: url(https:\/\/huiskampbv.nl\/wp-content\/uploads\/2022\/02\/johndeere.jpg?id=147) !important;}&#8220;][vc_column][vc_empty_space height=&#8220;500px&#8220;][\/vc_column][\/vc_row][vc_row full_width=&#8220;stretch_row_content_no_spaces&#8220; disable_element=&#8220;yes&#8220;][vc_column][vc_gmaps link=&#8220;#E-8_JTNDaWZyYW1lJTIwc3JjJTNEJTIyaHR0cHMlM0ElMkYlMkZ3d3cuZ29vZ2xlLmNvbSUyRm1hcHMlMkZlbWJlZCUzRnBiJTNEJTIxMW0xOCUyMTFtMTIlMjExbTMlMjExZDk4MjYuNzYxODM2NjQwNDE5JTIxMmQ2LjczNDc3NDgwNDY1MDc4MSUyMTNkNTEuOTk0Mjk1Mjc5NjE4NiUyMTJtMyUyMTFmMCUyMTJmMCUyMTNmMCUyMTNtMiUyMTFpMTAyNCUyMTJpNzY4JTIxNGYxMy4xJTIxM20zJTIxMW0yJTIxMXMweDQ3Yjg2NTVlYjdjZTAwYzMlMjUzQTB4NDUyYWNiODVjZDY1YzU1MSUyMTJzTG9vbi0lMjUyMGVuJTI1MjBHcm9uZHZlcnpldGJlZHJpamYlMjUyMEh1aXNrYW1wJTI1MjBCLlYuJTI1MjBXaW50ZXJzd2lqayUyMTVlMCUyMTNtMiUyMTFzbmwlMjEyc25sJTIxNHYxNjQ0NDAzMzE3MjI1JTIxNW0yJTIxMXNubCUyMTJzbmwlMjIlMjB3aWR0aCUzRCUyMjYwMCUyMiUyMGhlaWdodCUzRCUyMjQ1MCUyMiUyMHN0eWxlJTNEJTIyYm9yZGVyJTNBMCUzQiUyMiUyMGFsbG93ZnVsbHNjcmVlbiUzRCUyMiUyMiUyMGxvYWRpbmclM0QlMjJsYXp5JTIyJTNFJTNDJTJGaWZyYW1lJTNF&#8220;][\/vc_column][\/vc_row][vc_row remove_bottom_col_margin=&#8220;true&#8220;][vc_column][vc_column_text]<div class=\"templatera_shortcode\"><style type=\"text\/css\" data-type=\"vc_shortcodes-custom-css\">.vc_custom_1655211102583{background-image: url(https:\/\/huiskampbv.nl\/wp-content\/uploads\/2022\/02\/achtergrond_huiskamp.jpg?id=92) !important;}.vc_custom_1674040757679{border-top-width: 1px !important;border-right-width: 1px !important;border-bottom-width: 1px !important;border-left-width: 1px !important;padding-bottom: 25px !important;border-left-color: #ffffff !important;border-left-style: solid !important;border-right-color: #ffffff !important;border-right-style: solid !important;border-top-color: #ffffff !important;border-top-style: solid !important;border-bottom-color: #ffffff !important;border-bottom-style: solid !important;}<\/style><div class=\"vc_row wpb_row vc_row-fluid vc_custom_1655211102583 wpex-vc-full-width-row wpex-vc-full-width-row--centered wpex-relative wpex-vc_row-has-fill no-bottom-margins wpex-vc-reset-negative-margin\"><div class=\"wpb_column vc_column_container vc_col-sm-1\/5\"><div class=\"vc_column-inner\"><div class=\"wpb_wrapper\"><\/div><\/div><\/div><div class=\"wpb_column vc_column_container vc_col-sm-3\/5\"><div class=\"vc_column-inner\"><div class=\"wpb_wrapper\"><div class=\"vc_empty_space\"   style=\"height: 35px\"><span class=\"vc_empty_space_inner\"><\/span><\/div>\n\t<div style=\"color:#ffffff;\" class=\"wpb_text_column has-custom-color wpex-child-inherit-color wpb_content_element vc_custom_1674040757679\" >\n\t\t<div class=\"wpb_wrapper\">\n\t\t\t<h4 style=\"text-align: center;\"><span style=\"font-size: 24px;\">Haben Sie Fragen, W\u00fcnsche<br \/>\noder brauchen Sie eine Beratung?<\/span><br \/>\n<span style=\"font-size: 24px;\"><a href=\"mailto:info@huiskampbv.nl\" target=\"_blank\" rel=\"noopener\">info@huiskampbv.nl<\/a><br \/>\nT <a href=\"tel: +31543514863\">+31(0)543-514863<\/a><\/span><span style=\"color: #000000;\"><br \/>\n<\/span><\/h4>\n\n\t\t<\/div>\n\t<\/div>\n<div class=\"vc_empty_space\"   style=\"height: 35px\"><span class=\"vc_empty_space_inner\"><\/span><\/div><\/div><\/div><\/div><div class=\"wpb_column vc_column_container vc_col-sm-1\/5\"><div class=\"vc_column-inner\"><div class=\"wpb_wrapper\"><\/div><\/div><\/div><\/div><\/div>[\/vc_column_text][\/vc_column][\/vc_row]\n<\/div>","protected":false},"excerpt":{"rendered":"Erd- und Pflasterarbeiten: Frisch gewagt ist halb gewonnen! Huiskamp verf\u00fcgt \u00fcber einen modernen Maschinenpark zur Durchf\u00fchrung von Erd- und Pflasterarbeiten. Wir arbeiten f\u00fcr landwirtschaftliche Unternehmen, Bautr\u00e4ger, Gemeinden, Bauunternehmen und Privatpersonen. Zierpflaster Huiskamp BV verf\u00fcgt \u00fcber einen modernen Maschinenpark f\u00fcr Erd- und Pflasterarbeiten. Wir machen diese Arbeit f\u00fcr Landwirtschaftliche Unternehmen, Gemeinden, Bauunternehmen und staatliche Einrichtungen. Gro\u00dfprojekte&hellip;","protected":false},"author":4,"featured_media":0,"parent":0,"menu_order":0,"comment_status":"closed","ping_status":"closed","template":"","meta":{"footnotes":""},"class_list":["post-1414","page","type-page","status-publish","hentry","entry","no-media"],"_links":{"self":[{"href":"https:\/\/huiskampbv.nl\/de\/wp-json\/wp\/v2\/pages\/1414","targetHints":{"allow":["GET"]}}],"collection":[{"href":"https:\/\/huiskampbv.nl\/de\/wp-json\/wp\/v2\/pages"}],"about":[{"href":"https:\/\/huiskampbv.nl\/de\/wp-json\/wp\/v2\/types\/page"}],"author":[{"embeddable":true,"href":"https:\/\/huiskampbv.nl\/de\/wp-json\/wp\/v2\/users\/4"}],"replies":[{"embeddable":true,"href":"https:\/\/huiskampbv.nl\/de\/wp-json\/wp\/v2\/comments?post=1414"}],"version-history":[{"count":0,"href":"https:\/\/huiskampbv.nl\/de\/wp-json\/wp\/v2\/pages\/1414\/revisions"}],"wp:attachment":[{"href":"https:\/\/huiskampbv.nl\/de\/wp-json\/wp\/v2\/media?parent=1414"}],"curies":[{"name":"wp","href":"https:\/\/api.w.org\/{rel}","templated":true}]}}